{"id":1901,"date":"2020-03-25T16:35:15","date_gmt":"2020-03-25T15:35:15","guid":{"rendered":"http:\/\/mixarts.org\/association\/?page_id=1901"},"modified":"2023-04-11T16:46:09","modified_gmt":"2023-04-11T15:46:09","slug":"action-culturelle","status":"publish","type":"page","link":"http:\/\/mixarts.org\/association\/action-culturelle\/","title":{"rendered":"\u00c9ducation Populaire &#038; Action Culturelle"},"content":{"rendered":"\n<style type=\"text\/css\" data-created_by=\"avia_inline_auto\" id=\"style-css-av-k87fq40t-3c764dbc2071616fb35620e84f777b59\">\n.avia-image-container.av-k87fq40t-3c764dbc2071616fb35620e84f777b59 img.avia_image{\nbox-shadow:none;\n}\n.avia-image-container.av-k87fq40t-3c764dbc2071616fb35620e84f777b59 .av-image-caption-overlay-center{\ncolor:#ffffff;\n}\n<\/style>\n<div  class='avia-image-container av-k87fq40t-3c764dbc2071616fb35620e84f777b59 av-styling- avia-align-center  avia-builder-el-0  el_before_av_layout_row  avia-builder-el-no-sibling '   itemprop=\"image\" itemscope=\"itemscope\" itemtype=\"https:\/\/schema.org\/ImageObject\" ><div class=\"avia-image-container-inner\"><div class=\"avia-image-overlay-wrap\"><img fetchpriority=\"high\" class='wp-image-4311 avia-img-lazy-loading-not-4311 avia_image ' src='http:\/\/mixarts.org\/association\/wp-content\/uploads\/2022\/11\/educ-pop-et-action-culturelle.png' alt='' title='\u00e9duc pop et action culturelle'  height=\"145\" width=\"1080\"  itemprop=\"thumbnailUrl\"  \/><\/div><\/div><\/div>\n<\/div><\/div><\/div><!-- close content main div --><\/div><\/div><div id='av-layout-grid-1'  class='av-layout-grid-container av-oefetp-a55d35f7369c78aab8f9db693afa5d0a entry-content-wrapper main_color av-flex-cells  avia-builder-el-1  el_after_av_image  el_before_av_layout_row  grid-row-not-first  container_wrap fullsize'  >\n\n<style type=\"text\/css\" data-created_by=\"avia_inline_auto\" id=\"style-css-av-lav44ap6-a76a286be6b34822916e72a291f8db55\">\n.flex_cell.av-lav44ap6-a76a286be6b34822916e72a291f8db55{\nvertical-align:top;\n}\n.responsive #top #wrap_all .flex_cell.av-lav44ap6-a76a286be6b34822916e72a291f8db55{\npadding:15px 30px 30px 220px !important;\n}\n<\/style>\n<div class='flex_cell av-lav44ap6-a76a286be6b34822916e72a291f8db55 av-gridrow-cell av_one_third no_margin  avia-builder-el-2  el_before_av_cell_one_third  avia-builder-el-first '  ><div class='flex_cell_inner'>\n<style type=\"text\/css\" data-created_by=\"avia_inline_auto\" id=\"style-css-av-lav417bn-d793bcd47f76e59edc2e8569ac5a8d87\">\n.avia-image-container.av-lav417bn-d793bcd47f76e59edc2e8569ac5a8d87 img.avia_image{\nbox-shadow:none;\n}\n.avia-image-container.av-lav417bn-d793bcd47f76e59edc2e8569ac5a8d87 .av-image-caption-overlay-center{\ncolor:#ffffff;\n}\n<\/style>\n<div  class='avia-image-container av-lav417bn-d793bcd47f76e59edc2e8569ac5a8d87 av-styling- av-hover-grow av-img-linked avia-align-center  avia-builder-el-3  avia-builder-el-no-sibling '   itemprop=\"image\" itemscope=\"itemscope\" itemtype=\"https:\/\/schema.org\/ImageObject\" ><div class=\"avia-image-container-inner\"><div class=\"avia-image-overlay-wrap\"><a href=\"http:\/\/mixarts.org\/association\/educ-pop\/action-culturelle-initiation-au-parkour\/\" class='avia_image '  aria-label='initiation au parkour'><img fetchpriority=\"high\" class='wp-image-4369 avia-img-lazy-loading-not-4369 avia_image ' src='http:\/\/mixarts.org\/association\/wp-content\/uploads\/2022\/11\/initiation-au-parkour-3-180x180.png' alt='' title='initiation au parkour'  height=\"180\" width=\"180\"  itemprop=\"thumbnailUrl\"  \/><\/a><\/div><\/div><\/div>\n<\/div><\/div>\n<style type=\"text\/css\" data-created_by=\"avia_inline_auto\" id=\"style-css-av-lav40s8q-4845d61b51597cc3a2570636f95b74eb\">\n.flex_cell.av-lav40s8q-4845d61b51597cc3a2570636f95b74eb{\nvertical-align:top;\n}\n.responsive #top #wrap_all .flex_cell.av-lav40s8q-4845d61b51597cc3a2570636f95b74eb{\npadding:15px 30px 30px 30px !important;\n}\n<\/style>\n<div class='flex_cell av-lav40s8q-4845d61b51597cc3a2570636f95b74eb av-gridrow-cell av_one_third no_margin  avia-builder-el-4  el_after_av_cell_one_third  el_before_av_cell_one_third '  ><div class='flex_cell_inner'>\n<style type=\"text\/css\" data-created_by=\"avia_inline_auto\" id=\"style-css-av-lav4fmwb-c7c18132a4a6d3d2b9e0d80e91b9b198\">\n.avia-image-container.av-lav4fmwb-c7c18132a4a6d3d2b9e0d80e91b9b198 img.avia_image{\nbox-shadow:none;\n}\n.avia-image-container.av-lav4fmwb-c7c18132a4a6d3d2b9e0d80e91b9b198 .av-image-caption-overlay-center{\ncolor:#ffffff;\n}\n<\/style>\n<div  class='avia-image-container av-lav4fmwb-c7c18132a4a6d3d2b9e0d80e91b9b198 av-styling- av-hover-grow av-img-linked avia-align-center  avia-builder-el-5  avia-builder-el-no-sibling '   itemprop=\"image\" itemscope=\"itemscope\" itemtype=\"https:\/\/schema.org\/ImageObject\" ><div class=\"avia-image-container-inner\"><div class=\"avia-image-overlay-wrap\"><a href=\"http:\/\/mixarts.org\/association\/educ-pop\/actions-culturelles-rap-graff-video-contratak\/\" class='avia_image '  aria-label='ateliers rap graff'><img fetchpriority=\"high\" class='wp-image-4370 avia-img-lazy-loading-not-4370 avia_image ' src='http:\/\/mixarts.org\/association\/wp-content\/uploads\/2022\/11\/ateliers-rap-graff-3-180x180.png' alt='' title='ateliers rap graff'  height=\"180\" width=\"180\"  itemprop=\"thumbnailUrl\"  \/><\/a><\/div><\/div><\/div>\n<\/div><\/div>\n<style type=\"text\/css\" data-created_by=\"avia_inline_auto\" id=\"style-css-av-lav43kt7-be343aa70286ce26fc96be1ee03b4da8\">\n.flex_cell.av-lav43kt7-be343aa70286ce26fc96be1ee03b4da8{\nvertical-align:top;\n}\n.responsive #top #wrap_all .flex_cell.av-lav43kt7-be343aa70286ce26fc96be1ee03b4da8{\npadding:15px 220px 30px 30px !important;\n}\n<\/style>\n<div class='flex_cell av-lav43kt7-be343aa70286ce26fc96be1ee03b4da8 av-gridrow-cell av_one_third no_margin  avia-builder-el-6  el_after_av_cell_one_third  avia-builder-el-last '  ><div class='flex_cell_inner'>\n<style type=\"text\/css\" data-created_by=\"avia_inline_auto\" id=\"style-css-av-mlx3fh-fcdf6047bc8c16b595cd6638175009e4\">\n.avia-image-container.av-mlx3fh-fcdf6047bc8c16b595cd6638175009e4 img.avia_image{\nbox-shadow:none;\n}\n.avia-image-container.av-mlx3fh-fcdf6047bc8c16b595cd6638175009e4 .av-image-caption-overlay-center{\ncolor:#ffffff;\n}\n<\/style>\n<div  class='avia-image-container av-mlx3fh-fcdf6047bc8c16b595cd6638175009e4 av-styling- av-hover-grow av-img-linked avia-align-center  avia-builder-el-7  avia-builder-el-no-sibling '   itemprop=\"image\" itemscope=\"itemscope\" itemtype=\"https:\/\/schema.org\/ImageObject\" ><div class=\"avia-image-container-inner\"><div class=\"avia-image-overlay-wrap\"><a href=\"http:\/\/mixarts.org\/association\/educ-pop\/action-culturelle-expos-2\/\" class='avia_image '  aria-label='expos'><img fetchpriority=\"high\" class='wp-image-4368 avia-img-lazy-loading-not-4368 avia_image ' src='http:\/\/mixarts.org\/association\/wp-content\/uploads\/2022\/11\/expos-2-180x180.png' alt='' title='expos'  height=\"180\" width=\"180\"  itemprop=\"thumbnailUrl\"  \/><\/a><\/div><\/div><\/div>\n<\/div><\/div><\/div><div id='av-layout-grid-2'  class='av-layout-grid-container av-k4c019-58295871c57d7e80325c42f785f14a33 entry-content-wrapper main_color av-flex-cells  avia-builder-el-8  el_after_av_layout_row  avia-builder-el-last  grid-row-not-first  container_wrap fullsize'  >\n\n<style type=\"text\/css\" data-created_by=\"avia_inline_auto\" id=\"style-css-av-ilfeml-947cb002e570a9ae00c9903dbaee7bdf\">\n.flex_cell.av-ilfeml-947cb002e570a9ae00c9903dbaee7bdf{\nvertical-align:top;\n}\n.responsive #top #wrap_all .flex_cell.av-ilfeml-947cb002e570a9ae00c9903dbaee7bdf{\npadding:15px 30px 30px 220px !important;\n}\n<\/style>\n<div class='flex_cell av-ilfeml-947cb002e570a9ae00c9903dbaee7bdf av-gridrow-cell av_two_third no_margin  avia-builder-el-9  el_before_av_cell_one_third  avia-builder-el-first '  ><div class='flex_cell_inner'><section  class='av_textblock_section av-lav4hkm5-ae6556e89cbbf4a00c5256e7087f3bb6 '   itemscope=\"itemscope\" itemtype=\"https:\/\/schema.org\/CreativeWork\" ><div class='avia_textblock'  itemprop=\"text\" ><h3>INSCRIRE NOS ACTIONS DANS UNE DYNAMIQUE GLOBALE<\/h3>\n<p><span style=\"font-weight: 400;\">Mix\u2019Arts c\u2019est \u00e9galement la mise en place d\u2019<strong>actions <\/strong><\/span><strong>d\u2019\u00e9ducation populaire et culturelle.<\/strong><\/p>\n<p><span style=\"font-weight: 400;\">En effet, nous proposons de multiples <\/span><span style=\"font-weight: 400;\">actions<\/span><span style=\"font-weight: 400;\">,<\/span> <span style=\"font-weight: 400;\">en lien avec les projets et th\u00e8mes choisis par l\u2019association et ses divers partenaires, afin d\u2019<strong>inscrire nos <\/strong><\/span><strong>\u00e9v\u00e9nements<\/strong><span style=\"font-weight: 400;\"><strong> dans une pens\u00e9e globale<\/strong>.<\/span><\/p>\n<p><span style=\"font-weight: 400;\">De mani\u00e8re g\u00e9n\u00e9rale, nous essayons de <strong>penser nos actions culturelles dans une dynamique d\u2019\u00e9ducation permanente et de changement individuel et collectif par le biais de<\/strong>\u00a0<strong>l\u2019\u00e9ducation populaire.<\/strong><\/span><\/p>\n<p><span style=\"font-weight: 400;\">Ces interventions sont r\u00e9alis\u00e9es dans l\u2019objectif de <strong>cr\u00e9er du lien avec diff\u00e9rentes structures<\/strong>, <strong>habitant.e.s et acteurs du territoire is\u00e9rois<\/strong> (partenaires associatifs, institutionnels\u2026). De m\u00eame nous cherchons \u00e0 <strong>rapprocher des publics pouvant \u00eatre \u00e9loign\u00e9s de certains projets<\/strong> en adoptant autant que possible, <strong>une d\u00e9marche participative<\/strong> (\u00e9coles, instituts sp\u00e9cialis\u00e9s, publics en situation de grande pr\u00e9carit\u00e9\u2026).<\/span><\/p>\n<\/div><\/section><br \/>\n\n<style type=\"text\/css\" data-created_by=\"avia_inline_auto\" id=\"style-css-av-hd096l-cf5ce9a86ac103b0c0e0394524230cf0\">\n.avia-image-container.av-hd096l-cf5ce9a86ac103b0c0e0394524230cf0 img.avia_image{\nbox-shadow:none;\n}\n.avia-image-container.av-hd096l-cf5ce9a86ac103b0c0e0394524230cf0 .av-image-caption-overlay-center{\ncolor:#ffffff;\n}\n<\/style>\n<div  class='avia-image-container av-hd096l-cf5ce9a86ac103b0c0e0394524230cf0 av-styling- av-hover-grow avia-align-center  avia-builder-el-11  el_after_av_textblock  avia-builder-el-last '   itemprop=\"image\" itemscope=\"itemscope\" itemtype=\"https:\/\/schema.org\/ImageObject\" ><div class=\"avia-image-container-inner\"><div class=\"avia-image-overlay-wrap\"><img fetchpriority=\"high\" class='wp-image-4315 avia-img-lazy-loading-not-4315 avia_image ' src='http:\/\/mixarts.org\/association\/wp-content\/uploads\/2022\/11\/citation-AC.png' alt='' title='citation AC'  height=\"200\" width=\"800\"  itemprop=\"thumbnailUrl\"  \/><\/div><\/div><\/div><\/p>\n<\/div><\/div>\n<style type=\"text\/css\" data-created_by=\"avia_inline_auto\" id=\"style-css-av-g0q00t-bf745a9e30a87efb006f4dce5d9d0d79\">\n.flex_cell.av-g0q00t-bf745a9e30a87efb006f4dce5d9d0d79{\nvertical-align:top;\nbackground:url(http:\/\/mixarts.org\/association\/wp-content\/uploads\/2020\/03\/logo-transparence-500x500-1-150x150.jpg) 0% 0% no-repeat scroll ;\n}\n.responsive #top #wrap_all .flex_cell.av-g0q00t-bf745a9e30a87efb006f4dce5d9d0d79{\npadding:15px 220px 30px 30px !important;\n}\n<\/style>\n<div class='flex_cell av-g0q00t-bf745a9e30a87efb006f4dce5d9d0d79 av-gridrow-cell av_one_third no_margin  avia-builder-el-12  el_after_av_cell_two_third  avia-builder-el-last '  ><div class='flex_cell_inner'><section  class='av_textblock_section av-lav4bia3-debed17b2a8ac5cc7c004a0a3e3183be '   itemscope=\"itemscope\" itemtype=\"https:\/\/schema.org\/CreativeWork\" ><div class='avia_textblock'  itemprop=\"text\" ><h3><span style=\"color: #c71e1e;\">CHARG\u00c9E D&#8217;ACTIONS CULTURELLES<\/span><\/h3>\n<blockquote>\n<h5>Mathilde Gonzales<br \/>\n<a href=\"m&#97;&#x69;&#x6c;&#x74;o&#58;&#110;&#x69;&#x63;o&#108;&#97;&#x73;&#x40;mi&#120;&#x61;&#x72;&#x74;s&#46;&#x6f;&#x72;&#x67;\" target=\"_blank\" rel=\"noopener\"><span class=\"il\">ma&#116;&#104;&#105;&#108;&#x64;&#x65;&#x40;&#x6d;&#x69;xa&#114;&#116;&#115;&#46;&#x6f;&#x72;&#x67;<\/span><\/a><br \/>\n<a href=\"tel:0783875183\" target=\"_blank\" rel=\"noopener\">06 32 96 06 02<\/a><\/h5>\n<\/blockquote>\n<\/div><\/section><br \/>\n<section  class='av_textblock_section av-dm7i3x-4109457b804e61107857c4f52bc56cef '   itemscope=\"itemscope\" itemtype=\"https:\/\/schema.org\/CreativeWork\" ><div class='avia_textblock'  itemprop=\"text\" ><h3><br class=\"avia-permanent-lb\" \/><br class=\"avia-permanent-lb\" \/>QUELQUES EXEMPLES<br class=\"avia-permanent-lb\" \/><br class=\"avia-permanent-lb\" \/><\/h3>\n<\/div><\/section><br \/>\n\n<style type=\"text\/css\" data-created_by=\"avia_inline_auto\" id=\"style-css-av-c71anx-8ddd2bca2a54ced7dd8b61d256a0c097\">\n#top .togglecontainer.av-c71anx-8ddd2bca2a54ced7dd8b61d256a0c097 p.toggler{\ncolor:#ffffff;\nbackground-color:#b02b2c;\n}\n#top .togglecontainer.av-c71anx-8ddd2bca2a54ced7dd8b61d256a0c097 p.toggler .toggle_icon{\ncolor:#ffffff;\nborder-color:#ffffff;\n}\n#top .togglecontainer.av-c71anx-8ddd2bca2a54ced7dd8b61d256a0c097 .toggle_wrap .toggle_content{\ncolor:#ffffff;\nbackground-color:#b02b2c;\n}\n<\/style>\n<div  class='togglecontainer av-c71anx-8ddd2bca2a54ced7dd8b61d256a0c097  avia-builder-el-15  el_after_av_textblock  avia-builder-el-last  toggle_close_all' >\n<section class='av_toggle_section av-atlgl9-21e1f51d1c79eaf59900f14730b70291'  itemscope=\"itemscope\" itemtype=\"https:\/\/schema.org\/CreativeWork\" ><div role=\"tablist\" class=\"single_toggle\" data-tags=\"{Tout} \"  ><p data-fake-id='#toggle-id-1' class='toggler   av-inherit-font-color hasCustomColor'  itemprop=\"headline\"  role='tab' tabindex='0' aria-controls='toggle-id-1'>R\u00c9ALISATION D\u2019UN CLIP DE RAP<span class=\"toggle_icon\"><span class=\"vert_icon\"><\/span><span class=\"hor_icon\"><\/span><\/span><\/p><div id='toggle-id-1' class='toggle_wrap  '  ><div class='toggle_content invers-color av-inherit-font-color hasCustomColor'  itemprop=\"text\" ><p>Lors de notre <strong>festival de hip-hop Dawa Fest<\/strong>, organis\u00e9 en novembre 2019, nous avons mis en place des ateliers avec des jeunes de l&#8217;agglom\u00e9ration grenobloise et l&#8217;association <strong>Contratak Prod<\/strong>. Au programme : r\u00e9alisation d&#8217;un clip, en passant par toutes les \u00e9tapes de cr\u00e9ation (\u00e9criture, mise en musique, prises de vues vid\u00e9o, etc), diffus\u00e9 ensuite en premi\u00e8re partie du film <strong><span class=\"il\">Saveur<\/span>\u00a0<span class=\"il\">Bitume<\/span><\/strong>, un documentaire sur l&#8217;histoire du rap r\u00e9alis\u00e9 par <strong>Adrien Pavillard<\/strong>.<\/p>\n<p><a href=\"https:\/\/www.youtube.com\/watch?v=kMHyfDK1h4o&#038;feature=emb_title\">https:\/\/www.youtube.com\/watch?v=kMHyfDK1h4o&amp;feature=emb_title<\/a><\/p>\n<\/div><\/div><\/div><\/section>\n<section class='av_toggle_section av-8se01p-e83de8b2eee6b3f50ab93b220e12cad8'  itemscope=\"itemscope\" itemtype=\"https:\/\/schema.org\/CreativeWork\" ><div role=\"tablist\" class=\"single_toggle\" data-tags=\"{Tout} \"  ><p data-fake-id='#toggle-id-2' class='toggler   av-inherit-font-color hasCustomColor'  itemprop=\"headline\"  role='tab' tabindex='0' aria-controls='toggle-id-2'>ATELIERS D\u00c9CO<span class=\"toggle_icon\"><span class=\"vert_icon\"><\/span><span class=\"hor_icon\"><\/span><\/span><\/p><div id='toggle-id-2' class='toggle_wrap  '  ><div class='toggle_content invers-color av-inherit-font-color hasCustomColor'  itemprop=\"text\" ><p>Dans le cadre de notre &#8220;Festival Merci, Bonsoir !&#8221; nous avons mis en place des ateliers d\u00e9co avec les jeunes de la Maison de l&#8217;Enfance Bachelard, des occupants de l&#8217;Ehpad du quartier et les Rallumeurs d&#8217;\u00c9toiles. Cr\u00e9ation de lampions g\u00e9ants \u00e0 l&#8217;effigie du festival.<\/p>\n<p><img loading=\"lazy\" decoding=\"async\" class=\"aligncenter size-full wp-image-2200\" src=\"http:\/\/mixarts.org\/association\/wp-content\/uploads\/2020\/11\/2-scaled.jpg\" alt=\"\" width=\"2560\" height=\"1920\" srcset=\"http:\/\/mixarts.org\/association\/wp-content\/uploads\/2020\/11\/2-scaled.jpg 2560w, http:\/\/mixarts.org\/association\/wp-content\/uploads\/2020\/11\/2-300x225.jpg 300w, http:\/\/mixarts.org\/association\/wp-content\/uploads\/2020\/11\/2-1024x768.jpg 1024w, http:\/\/mixarts.org\/association\/wp-content\/uploads\/2020\/11\/2-768x576.jpg 768w, http:\/\/mixarts.org\/association\/wp-content\/uploads\/2020\/11\/2-1536x1152.jpg 1536w, http:\/\/mixarts.org\/association\/wp-content\/uploads\/2020\/11\/2-2048x1536.jpg 2048w, http:\/\/mixarts.org\/association\/wp-content\/uploads\/2020\/11\/2-1500x1125.jpg 1500w, http:\/\/mixarts.org\/association\/wp-content\/uploads\/2020\/11\/2-705x529.jpg 705w\" sizes=\"(max-width: 2560px) 100vw, 2560px\" \/><\/p>\n<\/div><\/div><\/div><\/section>\n<section class='av_toggle_section av-6wm899-7a5cc0800423ce2c174c90fc799264c8'  itemscope=\"itemscope\" itemtype=\"https:\/\/schema.org\/CreativeWork\" ><div role=\"tablist\" class=\"single_toggle\" data-tags=\"{Tout} \"  ><p data-fake-id='#toggle-id-3' class='toggler   av-inherit-font-color hasCustomColor'  itemprop=\"headline\"  role='tab' tabindex='0' aria-controls='toggle-id-3'>PLAN\u00c9TARIUM<span class=\"toggle_icon\"><span class=\"vert_icon\"><\/span><span class=\"hor_icon\"><\/span><\/span><\/p><div id='toggle-id-3' class='toggle_wrap  '  ><div class='toggle_content invers-color av-inherit-font-color hasCustomColor'  itemprop=\"text\" ><p>S\u00e9ances scolaires avec un concert de Saadji sous un plan\u00e9tarium gonflable : Chill Space Project, dans le cadre de notre &#8220;Festival Bien l&#8217;Bourgeon&#8221;<\/p>\n<p>A l&#8217;occasion du Festival Bien l&#8217;Bourgeon #3, le groupe Saadji a cr\u00e9\u00e9 un set chill-trip hop qu&#8217;il a jou\u00e9 sous un plan\u00e9tarium gonflable.<br \/>\nLe projet &#8220;chill space&#8221; est une invitation au voyage spatial dans un lieu atypique. Un set au coeur d&#8217;un plan\u00e9tarium gonflable accompagn\u00e9 d&#8217;images galactiques \u00e0 la crois\u00e9e du documentaire et de la science fiction.<\/p>\n<p>Un projet en partenariat avec la MJC Bulles d&#8217;H\u00e8res de SMH.<\/p>\n<p><img loading=\"lazy\" decoding=\"async\" class=\"aligncenter size-full wp-image-2205\" src=\"http:\/\/mixarts.org\/association\/wp-content\/uploads\/2020\/11\/aabbb.jpg\" alt=\"\" width=\"960\" height=\"720\" srcset=\"http:\/\/mixarts.org\/association\/wp-content\/uploads\/2020\/11\/aabbb.jpg 960w, http:\/\/mixarts.org\/association\/wp-content\/uploads\/2020\/11\/aabbb-300x225.jpg 300w, http:\/\/mixarts.org\/association\/wp-content\/uploads\/2020\/11\/aabbb-768x576.jpg 768w, http:\/\/mixarts.org\/association\/wp-content\/uploads\/2020\/11\/aabbb-705x529.jpg 705w\" sizes=\"(max-width: 960px) 100vw, 960px\" \/> <img loading=\"lazy\" decoding=\"async\" class=\"aligncenter size-full wp-image-2206\" src=\"http:\/\/mixarts.org\/association\/wp-content\/uploads\/2020\/11\/aabb.jpg\" alt=\"\" width=\"960\" height=\"720\" srcset=\"http:\/\/mixarts.org\/association\/wp-content\/uploads\/2020\/11\/aabb.jpg 960w, http:\/\/mixarts.org\/association\/wp-content\/uploads\/2020\/11\/aabb-300x225.jpg 300w, http:\/\/mixarts.org\/association\/wp-content\/uploads\/2020\/11\/aabb-768x576.jpg 768w, http:\/\/mixarts.org\/association\/wp-content\/uploads\/2020\/11\/aabb-705x529.jpg 705w\" sizes=\"(max-width: 960px) 100vw, 960px\" \/><\/p>\n<\/div><\/div><\/div><\/section>\n<section class='av_toggle_section av-6f85od-49cd98cf9b4b8b7f997a85ee6ff0fd59'  itemscope=\"itemscope\" itemtype=\"https:\/\/schema.org\/CreativeWork\" ><div role=\"tablist\" class=\"single_toggle\" data-tags=\"{Tout} \"  ><p data-fake-id='#toggle-id-4' class='toggler   av-inherit-font-color hasCustomColor'  itemprop=\"headline\"  role='tab' tabindex='0' aria-controls='toggle-id-4'>ATELIER D\u2019\u00c9CRITURE<span class=\"toggle_icon\"><span class=\"vert_icon\"><\/span><span class=\"hor_icon\"><\/span><\/span><\/p><div id='toggle-id-4' class='toggle_wrap  '  ><div class='toggle_content invers-color av-inherit-font-color hasCustomColor'  itemprop=\"text\" ><p>En 2016, nous avons organis\u00e9 des ateliers d&#8217;\u00e9criture avec les occupants de l&#8217;Ehpad des Alpins et le Centre Social Chorrier Berriat en partenariat avec Contratak Prod.<\/p>\n<p><img loading=\"lazy\" decoding=\"async\" class=\"aligncenter size-full wp-image-2213\" src=\"http:\/\/mixarts.org\/association\/wp-content\/uploads\/2020\/11\/20170712_172011-scaled.jpg\" alt=\"\" width=\"2560\" height=\"1440\" srcset=\"http:\/\/mixarts.org\/association\/wp-content\/uploads\/2020\/11\/20170712_172011-scaled.jpg 2560w, http:\/\/mixarts.org\/association\/wp-content\/uploads\/2020\/11\/20170712_172011-300x169.jpg 300w, http:\/\/mixarts.org\/association\/wp-content\/uploads\/2020\/11\/20170712_172011-1024x576.jpg 1024w, http:\/\/mixarts.org\/association\/wp-content\/uploads\/2020\/11\/20170712_172011-768x432.jpg 768w, http:\/\/mixarts.org\/association\/wp-content\/uploads\/2020\/11\/20170712_172011-1536x864.jpg 1536w, http:\/\/mixarts.org\/association\/wp-content\/uploads\/2020\/11\/20170712_172011-2048x1152.jpg 2048w, http:\/\/mixarts.org\/association\/wp-content\/uploads\/2020\/11\/20170712_172011-1500x844.jpg 1500w, http:\/\/mixarts.org\/association\/wp-content\/uploads\/2020\/11\/20170712_172011-705x397.jpg 705w\" sizes=\"(max-width: 2560px) 100vw, 2560px\" \/><\/p>\n<\/div><\/div><\/div><\/section>\n<section class='av_toggle_section av-3usm0d-06d8d9e316ea12c3c0bf74c8fd6d7528'  itemscope=\"itemscope\" itemtype=\"https:\/\/schema.org\/CreativeWork\" ><div role=\"tablist\" class=\"single_toggle\" data-tags=\"{Tout} \"  ><p data-fake-id='#toggle-id-5' class='toggler   av-inherit-font-color hasCustomColor'  itemprop=\"headline\"  role='tab' tabindex='0' aria-controls='toggle-id-5'>EXPOSITION PHOTOS<span class=\"toggle_icon\"><span class=\"vert_icon\"><\/span><span class=\"hor_icon\"><\/span><\/span><\/p><div id='toggle-id-5' class='toggle_wrap  '  ><div class='toggle_content invers-color av-inherit-font-color hasCustomColor'  itemprop=\"text\" ><p>Dans le cadre de notre <strong>festival hip-hop Dawa Fest #1<\/strong>, nous avons cr\u00e9\u00e9 une<strong> exposition photos<\/strong> en lien avec la photographe professionnelle <strong>Pascale Cholette<\/strong>. Nous avons souhait\u00e9, \u00e0 travers <strong>une galerie de 12 portraits d\u2019individus ou de groupes<\/strong>, mettre en lumi\u00e8re la force du terreau local qui, hier, aujourd\u2019hui ou demain, fait de Grenoble une ville de hip-hop.<\/p>\n<p><img loading=\"lazy\" decoding=\"async\" class=\"aligncenter size-full wp-image-2215\" src=\"http:\/\/mixarts.org\/association\/wp-content\/uploads\/2020\/11\/expo-les-piliers-scaled.jpg\" alt=\"\" width=\"1767\" height=\"2560\" srcset=\"http:\/\/mixarts.org\/association\/wp-content\/uploads\/2020\/11\/expo-les-piliers-scaled.jpg 1767w, http:\/\/mixarts.org\/association\/wp-content\/uploads\/2020\/11\/expo-les-piliers-207x300.jpg 207w, http:\/\/mixarts.org\/association\/wp-content\/uploads\/2020\/11\/expo-les-piliers-707x1024.jpg 707w, http:\/\/mixarts.org\/association\/wp-content\/uploads\/2020\/11\/expo-les-piliers-768x1112.jpg 768w, http:\/\/mixarts.org\/association\/wp-content\/uploads\/2020\/11\/expo-les-piliers-1060x1536.jpg 1060w, http:\/\/mixarts.org\/association\/wp-content\/uploads\/2020\/11\/expo-les-piliers-1414x2048.jpg 1414w, http:\/\/mixarts.org\/association\/wp-content\/uploads\/2020\/11\/expo-les-piliers-1036x1500.jpg 1036w, http:\/\/mixarts.org\/association\/wp-content\/uploads\/2020\/11\/expo-les-piliers-487x705.jpg 487w\" sizes=\"(max-width: 1767px) 100vw, 1767px\" \/><\/p>\n<\/div><\/div><\/div><\/section>\n<section class='av_toggle_section av-2braul-e8980fb6fc8d8f322898e7926c4ebce4'  itemscope=\"itemscope\" itemtype=\"https:\/\/schema.org\/CreativeWork\" ><div role=\"tablist\" class=\"single_toggle\" data-tags=\"{Tout} \"  ><p data-fake-id='#toggle-id-6' class='toggler   av-inherit-font-color hasCustomColor'  itemprop=\"headline\"  role='tab' tabindex='0' aria-controls='toggle-id-6'>FORMATION avec Anthony Brault<span class=\"toggle_icon\"><span class=\"vert_icon\"><\/span><span class=\"hor_icon\"><\/span><\/span><\/p><div id='toggle-id-6' class='toggle_wrap  '  ><div class='toggle_content invers-color av-inherit-font-color hasCustomColor'  itemprop=\"text\" ><p>Mix&#8217;Arts a organis\u00e9 une formation intitul\u00e9e \u00ab CRITIQUE DE L\u2019ID\u00c9OLOGIE DE LA BIENVEILLANCE \u00bb du 1er au 3 mars 2021, \u00e0 la Mjc NelsonMandela \u00e0 Fontaine, avec Anthony Brault.\u00a0Sans Transition, c\u2019est le nom donn\u00e9 \u00e0 son activit\u00e9 d\u2019ind\u00e9pendant, qu&#8217;il exerce au sein d\u2019une coop\u00e9rative d\u2019entrepreneurs, Oxalis. Anciennement au sein de la SCOP Le Pav\u00e9 que qu&#8217;il co-fond\u00e9 et co-g\u00e9r\u00e9 \u00e0 ses d\u00e9buts. Cette formation invitait les participants \u00e0 critique les outils de la bienveillance et son id\u00e9ologie pour en \u00e9tudier les limites et les travers.<\/p>\n<p><img loading=\"lazy\" decoding=\"async\" class=\"aligncenter size-full wp-image-2343\" src=\"http:\/\/mixarts.org\/association\/wp-content\/uploads\/2021\/05\/Couv-FB_FORMATION-NOVEMBRE.jpg\" alt=\"\" width=\"2083\" height=\"1092\" srcset=\"http:\/\/mixarts.org\/association\/wp-content\/uploads\/2021\/05\/Couv-FB_FORMATION-NOVEMBRE.jpg 2083w, http:\/\/mixarts.org\/association\/wp-content\/uploads\/2021\/05\/Couv-FB_FORMATION-NOVEMBRE-300x157.jpg 300w, http:\/\/mixarts.org\/association\/wp-content\/uploads\/2021\/05\/Couv-FB_FORMATION-NOVEMBRE-1024x537.jpg 1024w, http:\/\/mixarts.org\/association\/wp-content\/uploads\/2021\/05\/Couv-FB_FORMATION-NOVEMBRE-768x403.jpg 768w, http:\/\/mixarts.org\/association\/wp-content\/uploads\/2021\/05\/Couv-FB_FORMATION-NOVEMBRE-1536x805.jpg 1536w, http:\/\/mixarts.org\/association\/wp-content\/uploads\/2021\/05\/Couv-FB_FORMATION-NOVEMBRE-2048x1074.jpg 2048w, http:\/\/mixarts.org\/association\/wp-content\/uploads\/2021\/05\/Couv-FB_FORMATION-NOVEMBRE-1500x786.jpg 1500w, http:\/\/mixarts.org\/association\/wp-content\/uploads\/2021\/05\/Couv-FB_FORMATION-NOVEMBRE-705x370.jpg 705w\" sizes=\"(max-width: 2083px) 100vw, 2083px\" \/><\/p>\n<\/div><\/div><\/div><\/section>\n<\/div><\/p>\n<\/div><\/div>\n<\/div><\/p>\n","protected":false},"excerpt":{"rendered":"","protected":false},"author":5,"featured_media":0,"parent":0,"menu_order":0,"comment_status":"closed","ping_status":"closed","template":"","meta":{"_monsterinsights_skip_tracking":false,"_monsterinsights_sitenote_active":false,"_monsterinsights_sitenote_note":"","_monsterinsights_sitenote_category":0,"footnotes":""},"aioseo_notices":[],"_links":{"self":[{"href":"http:\/\/mixarts.org\/association\/wp-json\/wp\/v2\/pages\/1901"}],"collection":[{"href":"http:\/\/mixarts.org\/association\/wp-json\/wp\/v2\/pages"}],"about":[{"href":"http:\/\/mixarts.org\/association\/wp-json\/wp\/v2\/types\/page"}],"author":[{"embeddable":true,"href":"http:\/\/mixarts.org\/association\/wp-json\/wp\/v2\/users\/5"}],"replies":[{"embeddable":true,"href":"http:\/\/mixarts.org\/association\/wp-json\/wp\/v2\/comments?post=1901"}],"version-history":[{"count":47,"href":"http:\/\/mixarts.org\/association\/wp-json\/wp\/v2\/pages\/1901\/revisions"}],"predecessor-version":[{"id":4937,"href":"http:\/\/mixarts.org\/association\/wp-json\/wp\/v2\/pages\/1901\/revisions\/4937"}],"wp:attachment":[{"href":"http:\/\/mixarts.org\/association\/wp-json\/wp\/v2\/media?parent=1901"}],"curies":[{"name":"wp","href":"https:\/\/api.w.org\/{rel}","templated":true}]}}