{"id":41,"date":"2014-09-21T15:34:36","date_gmt":"2014-09-21T14:34:36","guid":{"rendered":"http:\/\/mixarts.org\/association\/?page_id=41"},"modified":"2023-12-20T11:57:28","modified_gmt":"2023-12-20T10:57:28","slug":"reseau-et-partenaires","status":"publish","type":"page","link":"http:\/\/mixarts.org\/association\/reseau-et-partenaires\/","title":{"rendered":"R\u00e9seau et Partenaires"},"content":{"rendered":"<div id='av-layout-grid-1'  class='av-layout-grid-container av-5nnp-55d27019f35ddfaf75cd84e4be16ed39 entry-content-wrapper main_color av-flex-cells  avia-builder-el-0  avia-builder-el-no-sibling   container_wrap fullsize'  >\n<div class='flex_cell av-yy21-edaa5f585ce5dd37784ca0aa4085bd22 av-gridrow-cell av_one_full no_margin  avia-builder-el-1  avia-builder-el-no-sibling '  ><div class='flex_cell_inner'><p>\n<style type=\"text\/css\" data-created_by=\"avia_inline_auto\" id=\"style-css-av-l38w3bov-c9e3649341adf521a84ceea91acc8698\">\n.avia-image-container.av-l38w3bov-c9e3649341adf521a84ceea91acc8698 img.avia_image{\nbox-shadow:none;\n}\n.avia-image-container.av-l38w3bov-c9e3649341adf521a84ceea91acc8698 .av-image-caption-overlay-center{\ncolor:#ffffff;\n}\n<\/style>\n<div  class='avia-image-container av-l38w3bov-c9e3649341adf521a84ceea91acc8698 av-styling- avia-align-center  avia-builder-el-2  el_before_av_textblock  avia-builder-el-first '   itemprop=\"image\" itemscope=\"itemscope\" itemtype=\"https:\/\/schema.org\/ImageObject\" ><div class=\"avia-image-container-inner\"><div class=\"avia-image-overlay-wrap\"><img fetchpriority=\"high\" class='wp-image-3610 avia-img-lazy-loading-not-3610 avia_image ' src='http:\/\/mixarts.org\/association\/wp-content\/uploads\/2022\/05\/Reseaux-et-partenaires.png' alt='' title='R\u00e9seaux et partenaires'  height=\"604\" width=\"4500\"  itemprop=\"thumbnailUrl\"  \/><\/div><\/div><\/div><br \/>\n<section  class='av_textblock_section av-l38w58b3-d20221cae98d307fceabb6d464ff20ea '   itemscope=\"itemscope\" itemtype=\"https:\/\/schema.org\/CreativeWork\" ><div class='avia_textblock'  itemprop=\"text\" ><h3 style=\"text-align: center;\">L&#8217;association Mix&#8217;Arts est fortement impliqu\u00e9e dans le paysage associatif local.<\/h3>\n<p style=\"text-align: center;\">Si vous souhaitez soutenir l&#8217;association et en devenir partenaire, n&#8217;h\u00e9sitez pas \u00e0 nous contacter par mail \u00e0 &#x63;o&#x6e;&#116;&#x61;&#99;t&#x40;m&#x69;&#120;&#x61;&#114;t&#x73;&#46;&#x6f;&#114;g !<\/p>\n<\/div><\/section><br \/>\n\n<style type=\"text\/css\" data-created_by=\"avia_inline_auto\" id=\"style-css-av-l38w78cd-10c3119b56cd76017e5ec85e1a78fa47\">\n#top .av-special-heading.av-l38w78cd-10c3119b56cd76017e5ec85e1a78fa47{\npadding-bottom:10px;\n}\nbody .av-special-heading.av-l38w78cd-10c3119b56cd76017e5ec85e1a78fa47 .av-special-heading-tag .heading-char{\nfont-size:25px;\n}\n.av-special-heading.av-l38w78cd-10c3119b56cd76017e5ec85e1a78fa47 .av-subheading{\nfont-size:15px;\n}\n<\/style>\n<div  class='av-special-heading av-l38w78cd-10c3119b56cd76017e5ec85e1a78fa47 av-special-heading-h3 blockquote elegant-quote elegant-centered  avia-builder-el-4  el_after_av_textblock  el_before_av_testimonials '><h3 class='av-special-heading-tag'  itemprop=\"headline\"  ><span class=\"heading-wrap\">FESTIVAL BIEN L\u2019BOURGEON<\/span><\/h3><div class=\"special-heading-border\"><div class=\"special-heading-inner-border\"><\/div><\/div><\/div><br \/>\n<div  class='avia-testimonial-wrapper av-l38wpx0u-25a79a1a8e7ffaefb0644462e24b7893 avia-grid-testimonials avia-grid-2-testimonials avia_animate_when_almost_visible' >\n<section class=\"avia-testimonial-row\"><div class='avia-testimonial av-l38wpjso-5ca22e14bc5cb9b2b1d383b19ee01ea7 avia-testimonial-row-1 avia-first-testimonial flex_column no_margin av_one_half'><div class='avia-testimonial_inner'  itemscope=\"itemscope\" itemtype=\"https:\/\/schema.org\/CreativeWork\" ><div class='avia-testimonial-image'  itemprop=\"image\" ><img loading=\"lazy\" decoding=\"async\" width=\"180\" height=\"180\" src=\"http:\/\/mixarts.org\/association\/wp-content\/uploads\/2022\/05\/cairn-180x180.png\" class=\"attachment-square size-square\" alt=\"\" \/><\/div><div class='avia-testimonial-content '><div class='avia-testimonial-markup-entry-content'  itemprop=\"text\" ><p>Le Cairn est la monnaie locale qui circule dans la moiti\u00e9 sud de l\u2019Is\u00e8re.<\/p>\n<\/div><\/div><div class=\"avia-testimonial-meta\"><div class=\"avia-testimonial-arrow-wrap\"><div class=\"avia-arrow\"><\/div><\/div><div class='avia-testimonial-meta-mini'  itemprop=\"author\" itemscope=\"itemscope\" itemtype=\"https:\/\/schema.org\/Person\" ><strong  class='avia-testimonial-name'  itemprop=\"name\" >Le Cairn<\/strong><span  class='avia-testimonial-subtitle '  itemprop=\"jobTitle\" >Monnaie locale<\/span><\/div><\/div><\/div><\/div>\n<div class='avia-testimonial av-l38x0qfr-3a2b6d7bbc6f2df387694b00524fe80c avia-testimonial-row-1 avia-last-testimonial flex_column no_margin av_one_half'><div class='avia-testimonial_inner'  itemscope=\"itemscope\" itemtype=\"https:\/\/schema.org\/CreativeWork\" ><div class='avia-testimonial-image'  itemprop=\"image\" ><img loading=\"lazy\" decoding=\"async\" width=\"180\" height=\"180\" src=\"http:\/\/mixarts.org\/association\/wp-content\/uploads\/2022\/05\/best-western-voiron-180x180.png\" class=\"attachment-square size-square\" alt=\"\" \/><\/div><div class='avia-testimonial-content '><div class='avia-testimonial-markup-entry-content'  itemprop=\"text\" ><p>H\u00f4tel-Restaurant-S\u00e9minaires-Terrasse \/\/ 04.76.06.47.47<\/p>\n<\/div><\/div><div class=\"avia-testimonial-meta\"><div class=\"avia-testimonial-arrow-wrap\"><div class=\"avia-arrow\"><\/div><\/div><div class='avia-testimonial-meta-mini'  itemprop=\"author\" itemscope=\"itemscope\" itemtype=\"https:\/\/schema.org\/Person\" ><strong  class='avia-testimonial-name'  itemprop=\"name\" >Best Western \/ H\u00f4tel le Palladior<\/strong><span  class='avia-testimonial-subtitle '  itemprop=\"jobTitle\" >H\u00f4tel<\/span><\/div><\/div><\/div><\/div><\/section>\n<section class=\"avia-testimonial-row\"><div class='avia-testimonial av-l38y5l07-5670c277cfc7a2218f96456e7626b978 avia-testimonial-row-2 avia-first-testimonial flex_column no_margin av_one_half'><div class='avia-testimonial_inner'  itemscope=\"itemscope\" itemtype=\"https:\/\/schema.org\/CreativeWork\" ><div class='avia-testimonial-image'  itemprop=\"image\" ><img loading=\"lazy\" decoding=\"async\" width=\"180\" height=\"180\" src=\"http:\/\/mixarts.org\/association\/wp-content\/uploads\/2022\/05\/citiz-180x180.png\" class=\"attachment-square size-square\" alt=\"\" \/><\/div><div class='avia-testimonial-content '><div class='avia-testimonial-markup-entry-content'  itemprop=\"text\" ><p>Location de voitures partag\u00e9es\u00a0<em>Citiz<\/em>\u00a0: le premier r\u00e9seau coop\u00e9ratif d&#8217;autopartage.<\/p>\n<\/div><\/div><div class=\"avia-testimonial-meta\"><div class=\"avia-testimonial-arrow-wrap\"><div class=\"avia-arrow\"><\/div><\/div><div class='avia-testimonial-meta-mini'  itemprop=\"author\" itemscope=\"itemscope\" itemtype=\"https:\/\/schema.org\/Person\" ><strong  class='avia-testimonial-name'  itemprop=\"name\" >CITIZ<\/strong><span  class='avia-testimonial-subtitle '  itemprop=\"jobTitle\" >R\u00e9seau d\u2019autopartage en France<\/span><span class='hidden avia-testimonial-markup-link'  itemprop=\"url\" >http:\/\/citiz.coop\/<\/span><span class=\"avia-testimonial-subtitle-sep\">&ndash;<\/span><a class='avia-testimonial-link' href='http:\/\/citiz.coop\/' target=\"_blank\" rel=\"noopener noreferrer\">http:\/\/citiz.coop\/<\/a><\/div><\/div><\/div><\/div>\n<div class='avia-testimonial av-l38x5a7o-88f6b53f617bafafddffd586380909b8 avia-testimonial-row-2 avia-last-testimonial flex_column no_margin av_one_half'><div class='avia-testimonial_inner'  itemscope=\"itemscope\" itemtype=\"https:\/\/schema.org\/CreativeWork\" ><div class='avia-testimonial-image'  itemprop=\"image\" ><img loading=\"lazy\" decoding=\"async\" width=\"180\" height=\"180\" src=\"http:\/\/mixarts.org\/association\/wp-content\/uploads\/2022\/05\/dauphine-180x180.png\" class=\"attachment-square size-square\" alt=\"\" \/><\/div><div class='avia-testimonial-content '><div class='avia-testimonial-markup-entry-content'  itemprop=\"text\" ><p>Brasserie artisanale avec qui nous travaillons pour de nombreux \u00e9v\u00e9nements de l&#8217;association et qui accueille le Festival Bien l&#8217;Bourgeon.<\/p>\n<\/div><\/div><div class=\"avia-testimonial-meta\"><div class=\"avia-testimonial-arrow-wrap\"><div class=\"avia-arrow\"><\/div><\/div><div class='avia-testimonial-meta-mini'  itemprop=\"author\" itemscope=\"itemscope\" itemtype=\"https:\/\/schema.org\/Person\" ><strong  class='avia-testimonial-name'  itemprop=\"name\" >La Dauphine<\/strong><span  class='avia-testimonial-subtitle '  itemprop=\"jobTitle\" >Brasserie artisanale du Val d\u2019Ainan<\/span><\/div><\/div><\/div><\/div><\/section>\n<section class=\"avia-testimonial-row\"><div class='avia-testimonial av-l38x7608-0b866ec9a33cb0ea287c0ddad1b0eb01 avia-testimonial-row-3 avia-first-testimonial flex_column no_margin av_one_half'><div class='avia-testimonial_inner'  itemscope=\"itemscope\" itemtype=\"https:\/\/schema.org\/CreativeWork\" ><div class='avia-testimonial-image'  itemprop=\"image\" ><img loading=\"lazy\" decoding=\"async\" width=\"180\" height=\"180\" src=\"http:\/\/mixarts.org\/association\/wp-content\/uploads\/2022\/05\/pays-voironnais-180x180.png\" class=\"attachment-square size-square\" alt=\"\" \/><\/div><div class='avia-testimonial-content '><div class='avia-testimonial-markup-entry-content'  itemprop=\"text\" ><p>La communaut\u00e9 d&#8217;agglom\u00e9ration du Pays Voironnais &#8211; centr\u00e9e autour de la ville de Voiron dans le d\u00e9partement de l&#8217;Is\u00e8re.<\/p>\n<\/div><\/div><div class=\"avia-testimonial-meta\"><div class=\"avia-testimonial-arrow-wrap\"><div class=\"avia-arrow\"><\/div><\/div><div class='avia-testimonial-meta-mini'  itemprop=\"author\" itemscope=\"itemscope\" itemtype=\"https:\/\/schema.org\/Person\" ><strong  class='avia-testimonial-name'  itemprop=\"name\" >Pays Voironnais<\/strong><span  class='avia-testimonial-subtitle '  itemprop=\"jobTitle\" >Communaut\u00e9 d\u2019agglom\u00e9ration du Pays voironnais<\/span><\/div><\/div><\/div><\/div>\n<div class='avia-testimonial av-l38xc228-d5c5077a32d9b8e4186b6011efceb0e6 avia-testimonial-row-3 avia-last-testimonial flex_column no_margin av_one_half'><div class='avia-testimonial_inner'  itemscope=\"itemscope\" itemtype=\"https:\/\/schema.org\/CreativeWork\" ><div class='avia-testimonial-image'  itemprop=\"image\" ><img loading=\"lazy\" decoding=\"async\" width=\"180\" height=\"180\" src=\"http:\/\/mixarts.org\/association\/wp-content\/uploads\/2022\/05\/isere-180x180.png\" class=\"attachment-square size-square\" alt=\"\" \/><\/div><div class='avia-testimonial-content '><div class='avia-testimonial-markup-entry-content'  itemprop=\"text\" ><p>Le D\u00e9partement de l\u2019Is\u00e8re est une collectivit\u00e9 territoriale, repr\u00e9sentant les 29 cantons de l\u2019Is\u00e8re.<\/p>\n<\/div><\/div><div class=\"avia-testimonial-meta\"><div class=\"avia-testimonial-arrow-wrap\"><div class=\"avia-arrow\"><\/div><\/div><div class='avia-testimonial-meta-mini'  itemprop=\"author\" itemscope=\"itemscope\" itemtype=\"https:\/\/schema.org\/Person\" ><strong  class='avia-testimonial-name'  itemprop=\"name\" >D\u00e9partement de l\u2019Is\u00e8re<\/strong><span  class='avia-testimonial-subtitle '  itemprop=\"jobTitle\" >Collectivit\u00e9 territoriale<\/span><\/div><\/div><\/div><\/div><\/section>\n<section class=\"avia-testimonial-row\"><div class='avia-testimonial av-l38xjuxu-44e006c4a5108daac9ee4dda0a92cb29 avia-testimonial-row-4 avia-first-testimonial flex_column no_margin av_one_half'><div class='avia-testimonial_inner'  itemscope=\"itemscope\" itemtype=\"https:\/\/schema.org\/CreativeWork\" ><div class='avia-testimonial-image'  itemprop=\"image\" ><img loading=\"lazy\" decoding=\"async\" width=\"180\" height=\"180\" src=\"http:\/\/mixarts.org\/association\/wp-content\/uploads\/2022\/05\/festivals-independants-180x180.png\" class=\"attachment-square size-square\" alt=\"\" \/><\/div><div class='avia-testimonial-content '><div class='avia-testimonial-markup-entry-content'  itemprop=\"text\" ><p>Des festivals ouverts, soucieux de leur impact et appuy\u00e9s par une autre vision de l\u2019\u00e9conomie, plus humaine, plus sociale et plus solidaire.<\/p>\n<\/div><\/div><div class=\"avia-testimonial-meta\"><div class=\"avia-testimonial-arrow-wrap\"><div class=\"avia-arrow\"><\/div><\/div><div class='avia-testimonial-meta-mini'  itemprop=\"author\" itemscope=\"itemscope\" itemtype=\"https:\/\/schema.org\/Person\" ><strong  class='avia-testimonial-name'  itemprop=\"name\" >Festivals ind\u00e9pendants et non lucratifs<\/strong><span  class='avia-testimonial-subtitle '  itemprop=\"jobTitle\" >Syndicat des Musiques Actuelles<\/span><\/div><\/div><\/div><\/div>\n<div class='avia-testimonial av-l38xmvtg-3ed14e2990580c9c4cd955855e4cd4e5 avia-testimonial-row-4 avia-last-testimonial flex_column no_margin av_one_half'><div class='avia-testimonial_inner'  itemscope=\"itemscope\" itemtype=\"https:\/\/schema.org\/CreativeWork\" ><div class='avia-testimonial-image'  itemprop=\"image\" ><img loading=\"lazy\" decoding=\"async\" width=\"180\" height=\"180\" src=\"http:\/\/mixarts.org\/association\/wp-content\/uploads\/2022\/05\/gaia-180x180.png\" class=\"attachment-square size-square\" alt=\"\" \/><\/div><div class='avia-testimonial-content '><div class='avia-testimonial-markup-entry-content'  itemprop=\"text\" ><p>Au service du territoire is\u00e9rois depuis 1998, GAIA soutient et donne les moyens d\u2019agir \u00e0 celles et ceux qui \u0153uvrent pour une \u00e9conomie de proximit\u00e9 et porteuse de sens.<\/p>\n<\/div><\/div><div class=\"avia-testimonial-meta\"><div class=\"avia-testimonial-arrow-wrap\"><div class=\"avia-arrow\"><\/div><\/div><div class='avia-testimonial-meta-mini'  itemprop=\"author\" itemscope=\"itemscope\" itemtype=\"https:\/\/schema.org\/Person\" ><strong  class='avia-testimonial-name'  itemprop=\"name\" >GAIA<\/strong><span  class='avia-testimonial-subtitle '  itemprop=\"jobTitle\" >Grenoble Alpes Initiative Active<\/span><\/div><\/div><\/div><\/div><\/section>\n<section class=\"avia-testimonial-row\"><div class='avia-testimonial av-l38xq2xh-cc759f7fcb547bc406f38064b1ba8d92 avia-testimonial-row-5 avia-first-testimonial flex_column no_margin av_one_half'><div class='avia-testimonial_inner'  itemscope=\"itemscope\" itemtype=\"https:\/\/schema.org\/CreativeWork\" ><div class='avia-testimonial-content '><div class='avia-testimonial-markup-entry-content'  itemprop=\"text\" ><p>La <em>r\u00e9gion Auvergne Rh\u00f4ne Alpes<\/em> met \u00e0 disposition nombreuses aides et services.<\/p>\n<\/div><\/div><div class=\"avia-testimonial-meta\"><div class=\"avia-testimonial-arrow-wrap\"><div class=\"avia-arrow\"><\/div><\/div><div class='avia-testimonial-meta-mini'  itemprop=\"author\" itemscope=\"itemscope\" itemtype=\"https:\/\/schema.org\/Person\" ><strong  class='avia-testimonial-name'  itemprop=\"name\" >R\u00e9gion Rh\u00f4ne-Alpes Auvergne<\/strong><span  class='avia-testimonial-subtitle '  itemprop=\"jobTitle\" >Collectivit\u00e9 territoriale <\/span><\/div><\/div><\/div><\/div>\n<div class='avia-testimonial av-l38xs3pd-d5d44661c8e8375e9c3af81703608d3f avia-testimonial-row-5 avia-last-testimonial flex_column no_margin av_one_half'><div class='avia-testimonial_inner'  itemscope=\"itemscope\" itemtype=\"https:\/\/schema.org\/CreativeWork\" ><div class='avia-testimonial-image'  itemprop=\"image\" ><img loading=\"lazy\" decoding=\"async\" width=\"180\" height=\"180\" src=\"http:\/\/mixarts.org\/association\/wp-content\/uploads\/2022\/05\/cnm-180x180.png\" class=\"attachment-square size-square\" alt=\"\" \/><\/div><div class='avia-testimonial-content '><div class='avia-testimonial-markup-entry-content'  itemprop=\"text\" ><p>Le\u00a0<em>CNM<\/em>\u00a0a pour mission de soutenir les professionnels de la musique et des vari\u00e9t\u00e9s dans leur d\u00e9veloppement en France et \u00e0 l&#8217;international.<\/p>\n<\/div><\/div><div class=\"avia-testimonial-meta\"><div class=\"avia-testimonial-arrow-wrap\"><div class=\"avia-arrow\"><\/div><\/div><div class='avia-testimonial-meta-mini'  itemprop=\"author\" itemscope=\"itemscope\" itemtype=\"https:\/\/schema.org\/Person\" ><strong  class='avia-testimonial-name'  itemprop=\"name\" >CNM<\/strong><span  class='avia-testimonial-subtitle '  itemprop=\"jobTitle\" >Centre National de la Musique <\/span><\/div><\/div><\/div><\/div><\/section>\n<section class=\"avia-testimonial-row\"><div class='avia-testimonial av-l38xucer-1da17cb1bf99bdef674a49edeca38a05 avia-testimonial-row-6 avia-first-testimonial flex_column no_margin av_one_half'><div class='avia-testimonial_inner'  itemscope=\"itemscope\" itemtype=\"https:\/\/schema.org\/CreativeWork\" ><div class='avia-testimonial-image'  itemprop=\"image\" ><img loading=\"lazy\" decoding=\"async\" width=\"180\" height=\"180\" src=\"http:\/\/mixarts.org\/association\/wp-content\/uploads\/2022\/05\/sacem-180x180.png\" class=\"attachment-square size-square\" alt=\"\" \/><\/div><div class='avia-testimonial-content '><div class='avia-testimonial-markup-entry-content'  itemprop=\"text\" ><p>La musique accompagne nos vies et depuis 1851, la\u00a0<em>Sacem<\/em>\u00a0accompagne celles et ceux qui la cr\u00e9ent : auteurs, compositeurs et \u00e9diteurs.<\/p>\n<\/div><\/div><div class=\"avia-testimonial-meta\"><div class=\"avia-testimonial-arrow-wrap\"><div class=\"avia-arrow\"><\/div><\/div><div class='avia-testimonial-meta-mini'  itemprop=\"author\" itemscope=\"itemscope\" itemtype=\"https:\/\/schema.org\/Person\" ><strong  class='avia-testimonial-name'  itemprop=\"name\" >SACEM<\/strong><span  class='avia-testimonial-subtitle '  itemprop=\"jobTitle\" >Soci\u00e9t\u00e9 des auteurs, compositeurs et \u00e9diteurs de musique<\/span><\/div><\/div><\/div><\/div>\n<div class='avia-testimonial av-lqdnslxv-c7853c6c40cf9bf254b6c9fab41e9574 avia-testimonial-row-6 avia-last-testimonial flex_column no_margin av_one_half'><div class='avia-testimonial_inner'  itemscope=\"itemscope\" itemtype=\"https:\/\/schema.org\/CreativeWork\" ><div class='avia-testimonial-image'  itemprop=\"image\" ><img loading=\"lazy\" decoding=\"async\" width=\"180\" height=\"180\" src=\"http:\/\/mixarts.org\/association\/wp-content\/uploads\/2023\/12\/420450-bm-wm-ver-white-blue-76b424-original-1646387235-180x180.png\" class=\"attachment-square size-square\" alt=\"\" \/><\/div><div class='avia-testimonial-content '><div class='avia-testimonial-markup-entry-content'  itemprop=\"text\" ><p>TicketSwap est notre partenaire officiel pour la revente de billets !<\/p>\n<p>Si pour quelque raison que ce soit, vous ne pouvez plus assister \u00e0 l\u2019\u00e9v\u00e9nement, vous pouvez utiliser TicketSwap pour revendre votre billet \u00e0 un autre fan chanceux ! TicketSwap est une plateforme s\u00e9curis\u00e9e de revente de billets entre fans pour vos concerts favoris, festivals, \u00e9v\u00e9nements sportifs, th\u00e9\u00e2tre, et soir\u00e9es en club.<\/p>\n<\/div><\/div><div class=\"avia-testimonial-meta\"><div class=\"avia-testimonial-arrow-wrap\"><div class=\"avia-arrow\"><\/div><\/div><div class='avia-testimonial-meta-mini'  itemprop=\"author\" itemscope=\"itemscope\" itemtype=\"https:\/\/schema.org\/Person\" ><strong  class='avia-testimonial-name'  itemprop=\"name\" >Ticketswap<\/strong><span  class='avia-testimonial-subtitle '  itemprop=\"jobTitle\" >Foire aux billets<\/span><span class='hidden avia-testimonial-markup-link'  itemprop=\"url\" >https:\/\/www.ticketswap.fr\/<\/span><span class=\"avia-testimonial-subtitle-sep\">&ndash;<\/span><a class='avia-testimonial-link' href='https:\/\/www.ticketswap.fr\/' target=\"_blank\" rel=\"noopener noreferrer\">Ticketswap<\/a><\/div><\/div><\/div><\/div><\/section>\n<\/div><\/p>\n<\/div><\/div><\/div>\n","protected":false},"excerpt":{"rendered":"","protected":false},"author":1,"featured_media":0,"parent":0,"menu_order":0,"comment_status":"closed","ping_status":"closed","template":"","meta":{"_monsterinsights_skip_tracking":false,"_monsterinsights_sitenote_active":false,"_monsterinsights_sitenote_note":"","_monsterinsights_sitenote_category":0,"footnotes":""},"class_list":["post-41","page","type-page","status-publish","hentry"],"aioseo_notices":[],"_links":{"self":[{"href":"http:\/\/mixarts.org\/association\/wp-json\/wp\/v2\/pages\/41","targetHints":{"allow":["GET"]}}],"collection":[{"href":"http:\/\/mixarts.org\/association\/wp-json\/wp\/v2\/pages"}],"about":[{"href":"http:\/\/mixarts.org\/association\/wp-json\/wp\/v2\/types\/page"}],"author":[{"embeddable":true,"href":"http:\/\/mixarts.org\/association\/wp-json\/wp\/v2\/users\/1"}],"replies":[{"embeddable":true,"href":"http:\/\/mixarts.org\/association\/wp-json\/wp\/v2\/comments?post=41"}],"version-history":[{"count":18,"href":"http:\/\/mixarts.org\/association\/wp-json\/wp\/v2\/pages\/41\/revisions"}],"predecessor-version":[{"id":5663,"href":"http:\/\/mixarts.org\/association\/wp-json\/wp\/v2\/pages\/41\/revisions\/5663"}],"wp:attachment":[{"href":"http:\/\/mixarts.org\/association\/wp-json\/wp\/v2\/media?parent=41"}],"curies":[{"name":"wp","href":"https:\/\/api.w.org\/{rel}","templated":true}]}}