{"id":8690,"date":"2026-02-23T13:39:44","date_gmt":"2026-02-23T12:39:44","guid":{"rendered":"https:\/\/mixarts.org\/association\/?page_id=8690"},"modified":"2026-02-24T10:18:08","modified_gmt":"2026-02-24T09:18:08","slug":"festival-merci-bonsoir","status":"publish","type":"page","link":"http:\/\/mixarts.org\/association\/festival-merci-bonsoir\/","title":{"rendered":"Festival &#8220;Merci, Bonsoir !&#8221; #11 du 16 au 19 sept. 2026"},"content":{"rendered":"\n<style type=\"text\/css\" data-created_by=\"avia_inline_auto\" id=\"style-css-av-lrot52nr-033b41590bd82af09d8f97a6d11a9946\">\n.avia-image-container.av-lrot52nr-033b41590bd82af09d8f97a6d11a9946 img.avia_image{\nbox-shadow:none;\n}\n.avia-image-container.av-lrot52nr-033b41590bd82af09d8f97a6d11a9946 .av-image-caption-overlay-center{\ncolor:#ffffff;\n}\n<\/style>\n<div  class='avia-image-container av-lrot52nr-033b41590bd82af09d8f97a6d11a9946 av-styling- avia-align-center  avia-builder-el-0  el_before_av_hr  avia-builder-el-first  av-has-copyright av-copyright-always'   itemprop=\"image\" itemscope=\"itemscope\" itemtype=\"https:\/\/schema.org\/ImageObject\" ><div class=\"avia-image-container-inner\"><div class=\"avia-image-overlay-wrap\"><img fetchpriority=\"high\" class='wp-image-8692 avia-img-lazy-loading-not-8692 avia_image ' src='http:\/\/mixarts.org\/association\/wp-content\/uploads\/2026\/02\/Bannieres-MB-2026.png' alt='' title='Banni\u00e8res MB 2026'  height=\"543\" width=\"1040\"  itemprop=\"thumbnailUrl\"  \/><\/div><small class=\"avia-copyright\">No\u00e9mie Della Faille<\/small><\/div><\/div>\n\n<style type=\"text\/css\" data-created_by=\"avia_inline_auto\" id=\"style-css-av-lroxr04l-913f593edd52e25131a9a197c111da13\">\n#top .hr.hr-invisible.av-lroxr04l-913f593edd52e25131a9a197c111da13{\nheight:100px;\n}\n<\/style>\n<div  class='hr av-lroxr04l-913f593edd52e25131a9a197c111da13 hr-invisible  avia-builder-el-1  el_after_av_image  el_before_av_one_half '><span class='hr-inner '><span class=\"hr-inner-style\"><\/span><\/span><\/div>\n<div  class='flex_column av-f57lyd-e160c5de75cb6704218d23237bef3ff6 av_one_half  avia-builder-el-2  el_after_av_hr  el_before_av_hr  first flex_column_div  '     ><style type=\"text\/css\" data-created_by=\"avia_inline_auto\" id=\"style-css-av-m0l2josp-b283456440b2fb344ca9e330c5012386\">\n#top .av_textblock_section.av-m0l2josp-b283456440b2fb344ca9e330c5012386 .avia_textblock{\ncolor:#d65954;\n}\n<\/style>\n<section  class='av_textblock_section av-m0l2josp-b283456440b2fb344ca9e330c5012386 '   itemscope=\"itemscope\" itemtype=\"https:\/\/schema.org\/CreativeWork\" ><div class='avia_textblock av_inherit_color'  itemprop=\"text\" ><h2>Merci, Bonsoir ! &#8211; D\u00e9j\u00e0 la 11\u00e8me \u00e9dition<\/h2>\n<\/div><\/section><br \/>\n\n<style type=\"text\/css\" data-created_by=\"avia_inline_auto\" id=\"style-css-av-m06h2qhl-38446c322f79ccf1def7246ff87976b3\">\n#top .hr.hr-invisible.av-m06h2qhl-38446c322f79ccf1def7246ff87976b3{\nheight:15px;\n}\n<\/style>\n<div  class='hr av-m06h2qhl-38446c322f79ccf1def7246ff87976b3 hr-invisible  avia-builder-el-4  el_after_av_textblock  el_before_av_textblock '><span class='hr-inner '><span class=\"hr-inner-style\"><\/span><\/span><\/div><br \/>\n<section  class='av_textblock_section av-m0l2h0z5-3c4805b14b98283e62a81aeac69f317b '   itemscope=\"itemscope\" itemtype=\"https:\/\/schema.org\/CreativeWork\" ><div class='avia_textblock'  itemprop=\"text\" ><h4>Du 16 au 19 septembre 2026, le festival Merci, Bonsoir ! s\u2019installe \u00e0 nouveau dans le cadre merveilleux du Parc Bachelard \/ Parc des Arts de Grenoble, pour sa 11\u00e8me \u00e9dition !<\/h4>\n<\/div><\/section><br \/>\n\n<style type=\"text\/css\" data-created_by=\"avia_inline_auto\" id=\"style-css-av-m0l2ljgj-8cabfa8012a70946140d3390c6d0e009\">\n#top .hr.hr-invisible.av-m0l2ljgj-8cabfa8012a70946140d3390c6d0e009{\nheight:10px;\n}\n<\/style>\n<div  class='hr av-m0l2ljgj-8cabfa8012a70946140d3390c6d0e009 hr-invisible  avia-builder-el-6  el_after_av_textblock  el_before_av_textblock '><span class='hr-inner '><span class=\"hr-inner-style\"><\/span><\/span><\/div><br \/>\n\n<style type=\"text\/css\" data-created_by=\"avia_inline_auto\" id=\"style-css-av-m06h22vx-e9dd6064790530f32e39ed1ca998470f\">\n#top .av_textblock_section.av-m06h22vx-e9dd6064790530f32e39ed1ca998470f .avia_textblock{\ncolor:#000000;\n}\n<\/style>\n<section  class='av_textblock_section av-m06h22vx-e9dd6064790530f32e39ed1ca998470f '   itemscope=\"itemscope\" itemtype=\"https:\/\/schema.org\/CreativeWork\" ><div class='avia_textblock av_inherit_color'  itemprop=\"text\" ><h4>Th\u00e9\u00e2tre de rue, danse, cirque, musique et performances hybrides&#8230; Retrouvez des artistes venu\u00b7es des quatre coins de la France et de l&#8217;international pour 4 jours de f\u00eate et de d\u00e9couvertes en plein air et toujours \u00e0 prix libre !<\/h4>\n<\/div><\/section><br \/>\n\n<style type=\"text\/css\" data-created_by=\"avia_inline_auto\" id=\"style-css-av-e73oph-8066ddc54dfb972f1d5b1b7cbfd7bb30\">\n#top .hr.hr-invisible.av-e73oph-8066ddc54dfb972f1d5b1b7cbfd7bb30{\nheight:50px;\n}\n<\/style>\n<div  class='hr av-e73oph-8066ddc54dfb972f1d5b1b7cbfd7bb30 hr-invisible  avia-builder-el-8  el_after_av_textblock  el_before_av_textblock '><span class='hr-inner '><span class=\"hr-inner-style\"><\/span><\/span><\/div><br \/>\n\n<style type=\"text\/css\" data-created_by=\"avia_inline_auto\" id=\"style-css-av-mlz5tesa-fe37fc51083d77fff61036f06151f621\">\n#top .av_textblock_section.av-mlz5tesa-fe37fc51083d77fff61036f06151f621 .avia_textblock{\ncolor:#000000;\n}\n<\/style>\n<section  class='av_textblock_section av-mlz5tesa-fe37fc51083d77fff61036f06151f621 '   itemscope=\"itemscope\" itemtype=\"https:\/\/schema.org\/CreativeWork\" ><div class='avia_textblock av_inherit_color'  itemprop=\"text\" ><h4>La programmation et l&#8217;ensemble des informations sont \u00e0 venir !<\/h4>\n<\/div><\/section><\/p><\/div>\n\n<style type=\"text\/css\" data-created_by=\"avia_inline_auto\" id=\"style-css-av-mdhm7sja-dff3dec9d5b089978166b56d7b528ff4\">\n#top .hr.hr-invisible.av-mdhm7sja-dff3dec9d5b089978166b56d7b528ff4{\nheight:50px;\n}\n<\/style>\n<div  class='hr av-mdhm7sja-dff3dec9d5b089978166b56d7b528ff4 hr-invisible  avia-builder-el-10  el_after_av_one_half  avia-builder-el-last '><span class='hr-inner '><span class=\"hr-inner-style\"><\/span><\/span><\/div>\n","protected":false},"excerpt":{"rendered":"","protected":false},"author":1,"featured_media":8072,"parent":0,"menu_order":0,"comment_status":"closed","ping_status":"closed","template":"","meta":{"_monsterinsights_skip_tracking":false,"_monsterinsights_sitenote_active":false,"_monsterinsights_sitenote_note":"","_monsterinsights_sitenote_category":0,"footnotes":""},"aioseo_notices":[],"_links":{"self":[{"href":"http:\/\/mixarts.org\/association\/wp-json\/wp\/v2\/pages\/8690"}],"collection":[{"href":"http:\/\/mixarts.org\/association\/wp-json\/wp\/v2\/pages"}],"about":[{"href":"http:\/\/mixarts.org\/association\/wp-json\/wp\/v2\/types\/page"}],"author":[{"embeddable":true,"href":"http:\/\/mixarts.org\/association\/wp-json\/wp\/v2\/users\/1"}],"replies":[{"embeddable":true,"href":"http:\/\/mixarts.org\/association\/wp-json\/wp\/v2\/comments?post=8690"}],"version-history":[{"count":2,"href":"http:\/\/mixarts.org\/association\/wp-json\/wp\/v2\/pages\/8690\/revisions"}],"predecessor-version":[{"id":8694,"href":"http:\/\/mixarts.org\/association\/wp-json\/wp\/v2\/pages\/8690\/revisions\/8694"}],"wp:featuredmedia":[{"embeddable":true,"href":"http:\/\/mixarts.org\/association\/wp-json\/wp\/v2\/media\/8072"}],"wp:attachment":[{"href":"http:\/\/mixarts.org\/association\/wp-json\/wp\/v2\/media?parent=8690"}],"curies":[{"name":"wp","href":"https:\/\/api.w.org\/{rel}","templated":true}]}}