{"id":1620,"date":"2020-03-25T16:24:45","date_gmt":"2020-03-25T15:24:45","guid":{"rendered":"http:\/\/mixarts.org\/association\/?page_id=1620"},"modified":"2020-06-10T15:45:21","modified_gmt":"2020-06-10T14:45:21","slug":"mixture","status":"publish","type":"page","link":"https:\/\/mixarts.org\/association\/mixture\/","title":{"rendered":"MIXTURE"},"content":{"rendered":"\n<style type=\"text\/css\" data-created_by=\"avia_inline_auto\" id=\"style-css-av-k7xe2ytn-857cf65c57822e09d8e66e05aae8dc61\">\n.avia-image-container.av-k7xe2ytn-857cf65c57822e09d8e66e05aae8dc61 img.avia_image{\nbox-shadow:none;\n}\n.avia-image-container.av-k7xe2ytn-857cf65c57822e09d8e66e05aae8dc61 .av-image-caption-overlay-center{\ncolor:#ffffff;\n}\n<\/style>\n<div  class='avia-image-container av-k7xe2ytn-857cf65c57822e09d8e66e05aae8dc61 av-styling- avia-align-center  avia-builder-el-0  el_before_av_textblock  avia-builder-el-first '   itemprop=\"image\" itemscope=\"itemscope\" itemtype=\"https:\/\/schema.org\/ImageObject\" ><div class=\"avia-image-container-inner\"><div class=\"avia-image-overlay-wrap\"><img fetchpriority=\"high\" class='wp-image-1916 avia-img-lazy-loading-not-1916 avia_image ' src='https:\/\/mixarts.org\/association\/wp-content\/uploads\/2020\/03\/MIXTURE.jpg' alt='' title='MIXTURE'  height=\"145\" width=\"1080\"  itemprop=\"thumbnailUrl\"  \/><\/div><\/div><\/div>\n<section  class='av_textblock_section av-kb9gizc1-9ccf0f1f25e36dbaf249b117cb30f564 '   itemscope=\"itemscope\" itemtype=\"https:\/\/schema.org\/CreativeWork\" ><div class='avia_textblock'  itemprop=\"text\" ><h2 style=\"text-align: center;\">Sensibilisation \u00e0 l&#8217;environnement et alimentation durable<\/h2>\n<\/div><\/section>\n<\/div><\/div><\/div><!-- close content main div --><\/div><\/div><div id='av-layout-grid-1'  class='av-layout-grid-container av-6do2w-08fe80426028c0090f8f86928d8ef305 entry-content-wrapper main_color av-flex-cells  avia-builder-el-2  el_after_av_textblock  el_before_av_hr  grid-row-not-first  container_wrap fullsize'  >\n\n<style type=\"text\/css\" data-created_by=\"avia_inline_auto\" id=\"style-css-av-4xcto-dc02733a33ee7332388bc51bcaef8530\">\n.flex_cell.av-4xcto-dc02733a33ee7332388bc51bcaef8530{\nvertical-align:top;\n}\n.responsive #top #wrap_all .flex_cell.av-4xcto-dc02733a33ee7332388bc51bcaef8530{\npadding:2px 15px 30px 225px !important;\n}\n<\/style>\n<div class='flex_cell av-4xcto-dc02733a33ee7332388bc51bcaef8530 av-gridrow-cell av_one_half no_margin  avia-builder-el-3  el_before_av_cell_one_half  avia-builder-el-first '  ><div class='flex_cell_inner'><section  class='av_textblock_section av-k7dj2r7h-08a74836a7a1f5d6268ca2a73a154115 '   itemscope=\"itemscope\" itemtype=\"https:\/\/schema.org\/CreativeWork\" ><div class='avia_textblock'  itemprop=\"text\" ><h2 style=\"text-align: left;\"><\/h2>\n<p><span style=\"font-weight: 400;\"><img loading=\"lazy\" decoding=\"async\" class=\"wp-image-1917 alignleft\" src=\"http:\/\/mixarts.org\/association\/wp-content\/uploads\/2020\/03\/mixture-1-300x235.jpg\" alt=\"\" width=\"183\" height=\"143\" srcset=\"https:\/\/mixarts.org\/association\/wp-content\/uploads\/2020\/03\/mixture-1-300x235.jpg 300w, https:\/\/mixarts.org\/association\/wp-content\/uploads\/2020\/03\/mixture-1-768x601.jpg 768w, https:\/\/mixarts.org\/association\/wp-content\/uploads\/2020\/03\/mixture-1-705x552.jpg 705w, https:\/\/mixarts.org\/association\/wp-content\/uploads\/2020\/03\/mixture-1.jpg 960w\" sizes=\"auto, (max-width: 183px) 100vw, 183px\" \/><\/span><\/p>\n<p>La Mixture est le p\u00f4le de l\u2019association qui s\u2019attache \u00e0 la sensibilisation \u00e0 l\u2019environnement, principalement par le biais de l\u2019alimentation. Ses activit\u00e9s rel\u00e8vent de l\u2019\u00e9conomie sociale et solidaire et participent \u00e0 une transition vers des pratiques saines, respectueuses de la nature et de l\u2019humain.<\/p>\n<p>Les forces vives b\u00e9n\u00e9voles et salari\u00e9es de La Mixture proposent une restauration v\u00e9g\u00e9tarienne et de saison, \u00e0 partir de produits issus d&#8217;une agriculture durable locale et\/ou bio ; et les produits transform\u00e9s sont artisanaux et locaux.<\/p>\n<p><span style=\"font-weight: 400;\">Les \u00e9v\u00e9nements auxquels participe La Mixture permettent la mise en relation des milieux culturels, universitaires, militants et associatifs avec l\u2019\u00e9conomie sociale, \u00e9cologique et solidaire locale via le d\u00e9veloppement de projets avec diff\u00e9rents acteurs : agriculteurs biologiques et locaux, artisans, brasseries artisanales, coop\u00e9ratives solidaires, associations socioculturelles, mairies, p\u00e9pini\u00e8res associatives\u2026 <\/span><\/p>\n<p>Dans une dynamique d&#8217;\u00e9ducation populaire, La Mixture propose \u00e9galement des ateliers (cuisine, produits naturels) et animations nature, adapt\u00e9s \u00e0 diff\u00e9rents publics : \u00e9coles, coll\u00e8ges, IME, maisons de repos, etc.<\/p>\n<\/div><\/section><br \/>\n\n<style type=\"text\/css\" data-created_by=\"avia_inline_auto\" id=\"style-css-av-kb9e0n26-5da38d80d21d74f0eeb6098edb625af5\">\n#top .hr.hr-invisible.av-kb9e0n26-5da38d80d21d74f0eeb6098edb625af5{\nheight:50px;\n}\n<\/style>\n<div  class='hr av-kb9e0n26-5da38d80d21d74f0eeb6098edb625af5 hr-invisible  avia-builder-el-5  el_after_av_textblock  el_before_av_contact '><span class='hr-inner '><span class=\"hr-inner-style\"><\/span><\/span><\/div><br \/>\n<form action=\"https:\/\/mixarts.org\/association\/mixture\/\" method=\"post\" data-fields-with-error=\"Erreurs trouv\u00e9es dans les champs suivants :\" class=\"avia_ajax_form av-form-labels-visible   avia-builder-el-6  el_after_av_hr  avia-builder-el-last   \" data-avia-form-id=\"1\" data-avia-redirect='' ><h3 class=''>Contactez La Mixture<\/h3><fieldset><p class='  first_form  form_element form_fullwidth' id='element_avia_1_1'><label for=\"avia_1_1\">Nom \/ Structure <abbr class=\"required\" title=\"requis(e)\">*<\/abbr><\/label> <input name=\"avia_1_1\" class=\"text_input is_empty\" type=\"text\" id=\"avia_1_1\" value=\"\" \/><\/p><p class='  first_form  form_element form_fullwidth' id='element_avia_2_1'><label for=\"avia_2_1\">Adresse mail <abbr class=\"required\" title=\"requis(e)\">*<\/abbr><\/label> <input name=\"avia_2_1\" class=\"text_input is_ext_email\" type=\"text\" id=\"avia_2_1\" value=\"\" \/><\/p><p class='  first_form  form_element form_fullwidth' id='element_avia_3_1'><label for=\"avia_3_1\">Sujet<\/label> <input name=\"avia_3_1\" class=\"text_input \" type=\"text\" id=\"avia_3_1\" value=\"\" \/><\/p><p class='  first_form  form_element form_fullwidth' id='element_avia_4_1'><label for=\"avia_4_1\" class=\"textare_label hidden textare_label_avia_4_1\">Message <abbr class=\"required\" title=\"requis(e)\">*<\/abbr><\/label><textarea  name=\"avia_4_1\" class=\"text_area is_empty\" cols=\"40\" rows=\"7\" id=\"avia_4_1\" ><\/textarea><\/p><p class=\"hidden\"><input type=\"text\" name=\"avia_5_1\" class=\"hidden \" id=\"avia_5_1\" value=\"\" \/><\/p><p class='   form_element form_fullwidth' id='element_avia_6_1'><span class='value_verifier_label'>1 + 2 = ?<\/span><input name=\"avia_6_1_verifier\" type=\"hidden\" id=\"avia_6_1_verifier\" value=\"767353337\"\/><label for=\"avia_6_1\">Merci de prouver que vous \u00eates un humain en donnant le r\u00e9sultat de cette op\u00e9ration <abbr class=\"required\" title=\"requis(e)\">*<\/abbr><\/label><input name=\"avia_6_1\" class=\"text_input captcha\" type=\"text\" id=\"avia_6_1\" value=\"\"\/><\/p><p class=\"form_element \"><input type=\"hidden\" value=\"1\" name=\"avia_generated_form1\" \/><input type=\"submit\" value=\"Ecrire \u00e0 La Mixture\" class=\"button\"  data-sending-label=\"Envoi\"\/><\/p><\/fieldset><\/form><div id=\"ajaxresponse_1\" class=\"ajaxresponse ajaxresponse_1 hidden\"><\/div><\/p>\n<\/div><\/div>\n<style type=\"text\/css\" data-created_by=\"avia_inline_auto\" id=\"style-css-av-k863bj8t-d8a4295a64058a6c9d43082975f78bd6\">\n.flex_cell.av-k863bj8t-d8a4295a64058a6c9d43082975f78bd6{\nvertical-align:top;\n}\n.responsive #top #wrap_all .flex_cell.av-k863bj8t-d8a4295a64058a6c9d43082975f78bd6{\npadding:2px 225px 30px 15px !important;\n}\n<\/style>\n<div class='flex_cell av-k863bj8t-d8a4295a64058a6c9d43082975f78bd6 av-gridrow-cell av_one_half no_margin  avia-builder-el-7  el_after_av_cell_one_half  avia-builder-el-last '  ><div class='flex_cell_inner'><section  class='av_textblock_section av-k7z2qill-59d4250415915ed12b266c2de8658143 '   itemscope=\"itemscope\" itemtype=\"https:\/\/schema.org\/CreativeWork\" ><div class='avia_textblock'  itemprop=\"text\" ><h3><strong>NOS ACTIVITES<\/strong><\/h3>\n<\/div><\/section><br \/>\n\n<style type=\"text\/css\" data-created_by=\"avia_inline_auto\" id=\"style-css-av-k7dji8m0-c5d7ab1e67e065db152bafbfddc025a5\">\n#top .togglecontainer.av-k7dji8m0-c5d7ab1e67e065db152bafbfddc025a5 p.toggler{\ncolor:#ffffff;\nbackground-color:#589157;\n}\n#top .togglecontainer.av-k7dji8m0-c5d7ab1e67e065db152bafbfddc025a5 p.toggler .toggle_icon{\ncolor:#ffffff;\nborder-color:#ffffff;\n}\n#top .togglecontainer.av-k7dji8m0-c5d7ab1e67e065db152bafbfddc025a5 .toggle_wrap .toggle_content{\ncolor:#ffffff;\nbackground-color:#589157;\n}\n<\/style>\n<div  class='togglecontainer av-k7dji8m0-c5d7ab1e67e065db152bafbfddc025a5 av-minimal-toggle  avia-builder-el-9  el_after_av_textblock  el_before_av_buttonrow  toggle_close_all' >\n<section class='av_toggle_section av-7agjus-5284d6ae6a8ac567a7c57cad32a53ada'  itemscope=\"itemscope\" itemtype=\"https:\/\/schema.org\/CreativeWork\" ><div role=\"tablist\" class=\"single_toggle\" data-tags=\"{Tout} \"  ><p data-fake-id='#toggle-id-1' class='toggler   av-inherit-font-color hasCustomColor'  itemprop=\"headline\"  role='tab' tabindex='0' aria-controls='toggle-id-1'>Prestations traiteur<span class=\"toggle_icon\"><span class=\"vert_icon\"><\/span><span class=\"hor_icon\"><\/span><\/span><\/p><div id='toggle-id-1' class='toggle_wrap  '  ><div class='toggle_content invers-color av-inherit-font-color hasCustomColor'  itemprop=\"text\" ><p><i>La Mixture propose des prestations de traiteur lors de vos \u00e9v\u00e9nements !<br \/>\n<\/i><\/p>\n<p>Tous nos produits sont issus d&#8217;une agriculture durable locale et\/ou bio ; et les produits transform\u00e9s sont artisanaux et locaux. Tous nos repas sont v\u00e9g\u00e9tariens et fait maison avec amour !<\/p>\n<p><i>Contactez nous pour tout renseignement et demande de devis<br \/>\n<\/i><\/p>\n<\/div><\/div><\/div><\/section>\n<section class='av_toggle_section av-fu6fv8-441dbfae942742a67239224cc29be30c'  itemscope=\"itemscope\" itemtype=\"https:\/\/schema.org\/CreativeWork\" ><div role=\"tablist\" class=\"single_toggle\" data-tags=\"{Tout} \"  ><p data-fake-id='#toggle-id-2' class='toggler   av-inherit-font-color hasCustomColor'  itemprop=\"headline\"  role='tab' tabindex='0' aria-controls='toggle-id-2'>Snack \/ vente publique<span class=\"toggle_icon\"><span class=\"vert_icon\"><\/span><span class=\"hor_icon\"><\/span><\/span><\/p><div id='toggle-id-2' class='toggle_wrap  '  ><div class='toggle_content invers-color av-inherit-font-color hasCustomColor'  itemprop=\"text\" ><p><i>La Mixture propose des prestations snack pour vos \u00e9v\u00e9nements !<\/i><\/p>\n<p>Habitu\u00e9e depuis des ann\u00e9es \u00e0 l&#8217;\u00e9v\u00e9nementiel, l&#8217;\u00e9quipe de La Mixture ravira les papilles du public de vos \u00e9v\u00e9nements.<\/p>\n<\/div><\/div><\/div><\/section>\n<section class='av_toggle_section av-5lrmg4-ec29f08400a963689cf2b43817ae5541'  itemscope=\"itemscope\" itemtype=\"https:\/\/schema.org\/CreativeWork\" ><div role=\"tablist\" class=\"single_toggle\" data-tags=\"{Tout} \"  ><p data-fake-id='#toggle-id-3' class='toggler   av-inherit-font-color hasCustomColor'  itemprop=\"headline\"  role='tab' tabindex='0' aria-controls='toggle-id-3'>Prestations buvette<span class=\"toggle_icon\"><span class=\"vert_icon\"><\/span><span class=\"hor_icon\"><\/span><\/span><\/p><div id='toggle-id-3' class='toggle_wrap  '  ><div class='toggle_content invers-color av-inherit-font-color hasCustomColor'  itemprop=\"text\" ><p><i>La Mixture propose des prestation &#8220;bar&#8221; pour vos \u00e9v\u00e9nements !<\/i><\/p>\n<\/div><\/div><\/div><\/section>\n<section class='av_toggle_section av-46mhl0-84b3a114214689340e1de13d5e52c6c7'  itemscope=\"itemscope\" itemtype=\"https:\/\/schema.org\/CreativeWork\" ><div role=\"tablist\" class=\"single_toggle\" data-tags=\"{Tout} \"  ><p data-fake-id='#toggle-id-4' class='toggler   av-inherit-font-color hasCustomColor'  itemprop=\"headline\"  role='tab' tabindex='0' aria-controls='toggle-id-4'>Ateliers & animations<span class=\"toggle_icon\"><span class=\"vert_icon\"><\/span><span class=\"hor_icon\"><\/span><\/span><\/p><div id='toggle-id-4' class='toggle_wrap  '  ><div class='toggle_content invers-color av-inherit-font-color hasCustomColor'  itemprop=\"text\" ><p><em>La Mixture propose des ateliers et des animations adapt\u00e9s \u00e0 diff\u00e9rents publics, autour des th\u00e9matiques li\u00e9es \u00e0 l&#8217;environnement et l&#8217;alimentation.<\/em><\/p>\n<p>En lien avec diff\u00e9rent-es personnes, passionn\u00e9es et professionnelles, La Mixture anime des ateliers cuisine, de fabrication de produits naturels, des animations natures et balades cueillette de plantes sauvages, etc.<\/p>\n<\/div><\/div><\/div><\/section>\n<section class='av_toggle_section av-26pr50-301467e5a70be04e686957a3e7c9e3a8'  itemscope=\"itemscope\" itemtype=\"https:\/\/schema.org\/CreativeWork\" ><div role=\"tablist\" class=\"single_toggle\" data-tags=\"{Tout} \"  ><p data-fake-id='#toggle-id-5' class='toggler   av-inherit-font-color hasCustomColor'  itemprop=\"headline\"  role='tab' tabindex='0' aria-controls='toggle-id-5'>Location de mat\u00e9riel<span class=\"toggle_icon\"><span class=\"vert_icon\"><\/span><span class=\"hor_icon\"><\/span><\/span><\/p><div id='toggle-id-5' class='toggle_wrap  '  ><div class='toggle_content invers-color av-inherit-font-color hasCustomColor'  itemprop=\"text\" ><p><i>La Mixture dispose de tout un stock d&#8217;ustensiles de cuisine, d&#8217;appareils de cuisson et d&#8217;un camion-cuisine.<br \/>\n<\/i><\/p>\n<p>La liste compl\u00e8te du mat\u00e9riel est disponible sur demande.<\/p>\n<\/div><\/div><\/div><\/section>\n<\/div><br \/>\n<div  class='avia-buttonrow-wrap av-k865660g-ac6b5fa2afeb591108325703e757a4ff avia-buttonrow-center  avia-builder-el-10  el_after_av_toggle_container  el_before_av_masonry_gallery  avia-builder-el-last '>\n\n<style type=\"text\/css\" data-created_by=\"avia_inline_auto\" id=\"style-css-av-abfazo-935c94abf137097173802c2589ed00bf\">\n#top #wrap_all .avia-button.av-abfazo-935c94abf137097173802c2589ed00bf{\nmargin-bottom:5px;\nmargin-right:3px;\nmargin-left:3px;\n}\n<\/style>\n<a href='https:\/\/www.facebook.com\/pg\/assoc.lamixture' class='avia-button av-abfazo-935c94abf137097173802c2589ed00bf avia-icon_select-yes-left-icon avia-size-small avia-color-theme-color-subtle' target=\"_blank\" rel=\"noopener noreferrer\"><span class='avia_button_icon avia_button_icon_left ' aria-hidden='true' data-av_icon='\ue8f5' data-av_iconfont='entypo-fontello'><\/span><span class='avia_iconbox_title' >Facebook<\/span><\/a>\n<\/div><br \/>\n<div id='av-masonry-1' class='av-masonry av-kb9fa20e-2358d7f597d7faa66c57075f4e08f19d noHover av-fixed-size av-1px-gap av-hover-overlay- av-masonry-animation-active av-masonry-col-flexible av-caption-always av-caption-style- av-masonry-gallery ' data-post_id=\"1620\"><div class=\"av-masonry-container isotope av-js-disabled\"><div class='av-masonry-entry isotope-item av-masonry-item-no-image '><\/div><a href=\"https:\/\/mixarts.org\/association\/wp-content\/uploads\/2020\/06\/buffet-mixture-835x1024.jpg\"  aria-label=\"image buffet mixture\"  id='av-masonry-1-item-2091' data-av-masonry-item='2091' class='av-masonry-entry isotope-item post-2091 attachment type-attachment status-inherit hentry  av-masonry-item-with-image' title=\"buffet mixture\" alt=\"\"    itemprop=\"thumbnailUrl\" ><div class='av-inner-masonry-sizer'><\/div><figure class='av-inner-masonry main_color'><div class=\"av-masonry-outerimage-container\"><div class='av-masonry-image-container' style=\"background-image: url(https:\/\/mixarts.org\/association\/wp-content\/uploads\/2020\/06\/buffet-mixture-575x705.jpg);\"  title=\"buffet mixture\"  ><\/div><\/div><\/figure><\/a><!--end av-masonry entry--><a href=\"https:\/\/mixarts.org\/association\/wp-content\/uploads\/2020\/06\/mixture-assiette.jpg\"  aria-label=\"image mixture assiette\"  id='av-masonry-1-item-2092' data-av-masonry-item='2092' class='av-masonry-entry isotope-item post-2092 attachment type-attachment status-inherit hentry  av-masonry-item-with-image' title=\"mixture assiette\" alt=\"\"    itemprop=\"thumbnailUrl\" ><div class='av-inner-masonry-sizer'><\/div><figure class='av-inner-masonry main_color'><div class=\"av-masonry-outerimage-container\"><div class='av-masonry-image-container' style=\"background-image: url(https:\/\/mixarts.org\/association\/wp-content\/uploads\/2020\/06\/mixture-assiette-705x705.jpg);\"  title=\"mixture assiette\"  ><\/div><\/div><\/figure><\/a><!--end av-masonry entry--><a href=\"https:\/\/mixarts.org\/association\/wp-content\/uploads\/2020\/06\/mixture-atelier-cuisine-1024x683.jpg\"  aria-label=\"image mixture atelier cuisine\"  id='av-masonry-1-item-2093' data-av-masonry-item='2093' class='av-masonry-entry isotope-item post-2093 attachment type-attachment status-inherit hentry  av-masonry-item-with-image' title=\"mixture atelier cuisine\" alt=\"\"    itemprop=\"thumbnailUrl\" ><div class='av-inner-masonry-sizer'><\/div><figure class='av-inner-masonry main_color'><div class=\"av-masonry-outerimage-container\"><div class='av-masonry-image-container' style=\"background-image: url(https:\/\/mixarts.org\/association\/wp-content\/uploads\/2020\/06\/mixture-atelier-cuisine-705x470.jpg);\"  title=\"mixture atelier cuisine\"  ><\/div><\/div><\/figure><\/a><!--end av-masonry entry--><a href=\"https:\/\/mixarts.org\/association\/wp-content\/uploads\/2020\/06\/mixture-bo-bun.jpg\"  aria-label=\"image mixture bo bun\"  id='av-masonry-1-item-2094' data-av-masonry-item='2094' class='av-masonry-entry isotope-item post-2094 attachment type-attachment status-inherit hentry  av-masonry-item-with-image' title=\"mixture bo bun\" alt=\"\"    itemprop=\"thumbnailUrl\" ><div class='av-inner-masonry-sizer'><\/div><figure class='av-inner-masonry main_color'><div class=\"av-masonry-outerimage-container\"><div class='av-masonry-image-container' style=\"background-image: url(https:\/\/mixarts.org\/association\/wp-content\/uploads\/2020\/06\/mixture-bo-bun-705x705.jpg);\"  title=\"mixture bo bun\"  ><\/div><\/div><\/figure><\/a><!--end av-masonry entry--><a href=\"https:\/\/mixarts.org\/association\/wp-content\/uploads\/2020\/06\/mixture-stand-1024x576.jpg\"  aria-label=\"image mixture stand\"  id='av-masonry-1-item-2096' data-av-masonry-item='2096' class='av-masonry-entry isotope-item post-2096 attachment type-attachment status-inherit hentry  av-masonry-item-with-image' title=\"mixture stand\" alt=\"\"    itemprop=\"thumbnailUrl\" ><div class='av-inner-masonry-sizer'><\/div><figure class='av-inner-masonry main_color'><div class=\"av-masonry-outerimage-container\"><div class='av-masonry-image-container' style=\"background-image: url(https:\/\/mixarts.org\/association\/wp-content\/uploads\/2020\/06\/mixture-stand-705x397.jpg);\"  title=\"mixture stand\"  ><\/div><\/div><\/figure><\/a><!--end av-masonry entry--><a href=\"https:\/\/mixarts.org\/association\/wp-content\/uploads\/2020\/06\/mixture-patisserie-1024x1024.jpg\"  aria-label=\"image mixture patisserie\"  id='av-masonry-1-item-2095' data-av-masonry-item='2095' class='av-masonry-entry isotope-item post-2095 attachment type-attachment status-inherit hentry  av-masonry-item-with-image' title=\"mixture patisserie\" alt=\"\"    itemprop=\"thumbnailUrl\" ><div class='av-inner-masonry-sizer'><\/div><figure class='av-inner-masonry main_color'><div class=\"av-masonry-outerimage-container\"><div class='av-masonry-image-container' style=\"background-image: url(https:\/\/mixarts.org\/association\/wp-content\/uploads\/2020\/06\/mixture-patisserie-705x705.jpg);\"  title=\"mixture patisserie\"  ><\/div><\/div><\/figure><\/a><!--end av-masonry entry--><a href=\"https:\/\/mixarts.org\/association\/wp-content\/uploads\/2020\/06\/mixture-tartinades.jpg\"  aria-label=\"image mixture tartinades\"  id='av-masonry-1-item-2097' data-av-masonry-item='2097' class='av-masonry-entry isotope-item post-2097 attachment type-attachment status-inherit hentry  av-masonry-item-with-image' title=\"mixture tartinades\" alt=\"\"    itemprop=\"thumbnailUrl\" ><div class='av-inner-masonry-sizer'><\/div><figure class='av-inner-masonry main_color'><div class=\"av-masonry-outerimage-container\"><div class='av-masonry-image-container' style=\"background-image: url(https:\/\/mixarts.org\/association\/wp-content\/uploads\/2020\/06\/mixture-tartinades-705x705.jpg);\"  title=\"mixture tartinades\"  ><\/div><\/div><\/figure><\/a><!--end av-masonry entry--><a href=\"https:\/\/mixarts.org\/association\/wp-content\/uploads\/2020\/06\/IMG_2241-1024x683.jpg\"  aria-label=\"image IMG_2241\"  id='av-masonry-1-item-2098' data-av-masonry-item='2098' class='av-masonry-entry isotope-item post-2098 attachment type-attachment status-inherit hentry  av-masonry-item-with-image' title=\"IMG_2241\" alt=\"\"    itemprop=\"thumbnailUrl\" ><div class='av-inner-masonry-sizer'><\/div><figure class='av-inner-masonry main_color'><div class=\"av-masonry-outerimage-container\"><div class='av-masonry-image-container' style=\"background-image: url(https:\/\/mixarts.org\/association\/wp-content\/uploads\/2020\/06\/IMG_2241-705x470.jpg);\"  title=\"IMG_2241\"  ><\/div><\/div><\/figure><\/a><!--end av-masonry entry--><a href=\"https:\/\/mixarts.org\/association\/wp-content\/uploads\/2020\/06\/IMG_3564-1024x683.jpg\"  aria-label=\"image IMG_3564\"  id='av-masonry-1-item-2100' data-av-masonry-item='2100' class='av-masonry-entry isotope-item post-2100 attachment type-attachment status-inherit hentry  av-masonry-item-with-image' title=\"IMG_3564\" alt=\"\"    itemprop=\"thumbnailUrl\" ><div class='av-inner-masonry-sizer'><\/div><figure class='av-inner-masonry main_color'><div class=\"av-masonry-outerimage-container\"><div class='av-masonry-image-container' style=\"background-image: url(https:\/\/mixarts.org\/association\/wp-content\/uploads\/2020\/06\/IMG_3564-705x470.jpg);\"  title=\"IMG_3564\"  ><\/div><\/div><\/figure><\/a><!--end av-masonry entry--><a href=\"https:\/\/mixarts.org\/association\/wp-content\/uploads\/2020\/06\/IMG_3687-1024x683.jpg\"  aria-label=\"image IMG_3687\"  id='av-masonry-1-item-2101' data-av-masonry-item='2101' class='av-masonry-entry isotope-item post-2101 attachment type-attachment status-inherit hentry  av-masonry-item-with-image' title=\"IMG_3687\" alt=\"\"    itemprop=\"thumbnailUrl\" ><div class='av-inner-masonry-sizer'><\/div><figure class='av-inner-masonry main_color'><div class=\"av-masonry-outerimage-container\"><div class='av-masonry-image-container' style=\"background-image: url(https:\/\/mixarts.org\/association\/wp-content\/uploads\/2020\/06\/IMG_3687-705x470.jpg);\"  title=\"IMG_3687\"  ><\/div><\/div><\/figure><\/a><!--end av-masonry entry--><\/div><\/div><\/p>\n<\/div><\/div><\/div><div id='after_grid_row_1'  class='main_color av_default_container_wrap container_wrap fullsize'  ><div class='container av-section-cont-open' ><div class='template-page content  av-content-full alpha units'><div class='post-entry post-entry-type-page post-entry-1620'><div class='entry-content-wrapper clearfix'><div  class='hr av-2py1z8-a0c7a92d8ce3ab79913ff125792bb4de hr-default  avia-builder-el-12  el_after_av_layout_row  avia-builder-el-no-sibling '><span class='hr-inner '><span class=\"hr-inner-style\"><\/span><\/span><\/div><\/p>\n","protected":false},"excerpt":{"rendered":"","protected":false},"author":1,"featured_media":0,"parent":0,"menu_order":0,"comment_status":"closed","ping_status":"closed","template":"","meta":{"_monsterinsights_skip_tracking":false,"_monsterinsights_sitenote_active":false,"_monsterinsights_sitenote_note":"","_monsterinsights_sitenote_category":0,"footnotes":""},"class_list":["post-1620","page","type-page","status-publish","hentry"],"aioseo_notices":[],"_links":{"self":[{"href":"https:\/\/mixarts.org\/association\/wp-json\/wp\/v2\/pages\/1620","targetHints":{"allow":["GET"]}}],"collection":[{"href":"https:\/\/mixarts.org\/association\/wp-json\/wp\/v2\/pages"}],"about":[{"href":"https:\/\/mixarts.org\/association\/wp-json\/wp\/v2\/types\/page"}],"author":[{"embeddable":true,"href":"https:\/\/mixarts.org\/association\/wp-json\/wp\/v2\/users\/1"}],"replies":[{"embeddable":true,"href":"https:\/\/mixarts.org\/association\/wp-json\/wp\/v2\/comments?post=1620"}],"version-history":[{"count":47,"href":"https:\/\/mixarts.org\/association\/wp-json\/wp\/v2\/pages\/1620\/revisions"}],"predecessor-version":[{"id":2116,"href":"https:\/\/mixarts.org\/association\/wp-json\/wp\/v2\/pages\/1620\/revisions\/2116"}],"wp:attachment":[{"href":"https:\/\/mixarts.org\/association\/wp-json\/wp\/v2\/media?parent=1620"}],"curies":[{"name":"wp","href":"https:\/\/api.w.org\/{rel}","templated":true}]}}