{"id":23,"date":"2014-09-21T15:18:49","date_gmt":"2014-09-21T14:18:49","guid":{"rendered":"http:\/\/mixarts.org\/association\/?page_id=23"},"modified":"2025-04-25T17:42:10","modified_gmt":"2025-04-25T16:42:10","slug":"preventes","status":"publish","type":"page","link":"https:\/\/mixarts.org\/association\/preventes\/","title":{"rendered":"Pr\u00e9ventes En Ligne"},"content":{"rendered":"\n<style type=\"text\/css\" data-created_by=\"avia_inline_auto\" id=\"style-css-av-k7xalo4g-ee77bb3a0e0558c9b3e374f6c5d57867\">\n.avia-image-container.av-k7xalo4g-ee77bb3a0e0558c9b3e374f6c5d57867 img.avia_image{\nbox-shadow:none;\n}\n.avia-image-container.av-k7xalo4g-ee77bb3a0e0558c9b3e374f6c5d57867 .av-image-caption-overlay-center{\ncolor:#ffffff;\n}\n<\/style>\n<div  class='avia-image-container av-k7xalo4g-ee77bb3a0e0558c9b3e374f6c5d57867 av-styling- avia_animated_image av-animated-when-visible-95 fade-in avia-align-center  avia-builder-el-0  el_before_av_layout_row  avia-builder-el-no-sibling '   itemprop=\"image\" itemscope=\"itemscope\" itemtype=\"https:\/\/schema.org\/ImageObject\" ><div class=\"avia-image-container-inner\"><div class=\"avia-image-overlay-wrap\"><img fetchpriority=\"high\" class='wp-image-1653 avia-img-lazy-loading-not-1653 avia_image ' src='https:\/\/mixarts.org\/association\/wp-content\/uploads\/2020\/03\/bando-billetterie.jpg' alt='' title='bando billetterie'  height=\"145\" width=\"1080\"  itemprop=\"thumbnailUrl\"  \/><\/div><\/div><\/div>\n<\/div><\/div><\/div><!-- close content main div --><\/div><\/div><div id='av-layout-grid-1'  class='av-layout-grid-container av-lqdxshhx-065612c5ab1c89d7c1ea67a641d6d4fc entry-content-wrapper main_color av-flex-cells  avia-builder-el-1  el_after_av_image  avia-builder-el-last  av-cell-min-height av-cell-min-height-25 grid-row-not-first  container_wrap fullsize'   data-av_minimum_height_pc='25'>\n\n<style type=\"text\/css\" data-created_by=\"avia_inline_auto\" id=\"style-css-av-lqdxtw11-1c4ffa434128ec18f432f7451678d1c1\">\n.flex_cell.av-lqdxtw11-1c4ffa434128ec18f432f7451678d1c1{\nvertical-align:top;\n}\n.responsive #top #wrap_all .flex_cell.av-lqdxtw11-1c4ffa434128ec18f432f7451678d1c1{\npadding:10px 10px 30px 100px !important;\n}\n<\/style>\n<div class='flex_cell av-lqdxtw11-1c4ffa434128ec18f432f7451678d1c1 av-gridrow-cell av_one_half no_margin  avia-builder-el-2  el_before_av_cell_one_half  avia-builder-el-first '  ><div class='flex_cell_inner'><p><br \/>\n<section  class='av_textblock_section av-k7dkm91y-06ec909b8da99371adc3b6d1a762020b '   itemscope=\"itemscope\" itemtype=\"https:\/\/schema.org\/CreativeWork\" ><div class='avia_textblock'  itemprop=\"text\" ><div class=\"faq_container\">\n<div class=\"faq_item\">\n<h3 class=\"question\"><span class=\"text\">B\u00e9n\u00e9ficiaires d&#8217;un tarif r\u00e9duit<\/span><\/h3>\n<div class=\"answer\">\u00c9tudiant\u00b7e\u00b7s, ch\u00f4meurs\u00b7euses, intermittent\u00b7e\u00b7s du spectacle, b\u00e9n\u00e9ficiaires du RSA, b\u00e9n\u00e9ficiaires de la carte SAVATOU, services civiques, personnes en situation de handicap, etc. Sous pr\u00e9sentation d&#8217;un justificatif de moins de 3 mois.<\/div>\n<\/div>\n<\/div>\n<\/div><\/section><br \/>\n\n<style type=\"text\/css\" data-created_by=\"avia_inline_auto\" id=\"style-css-av-m9x0pi1i-009bba921781e2cd1744ac250f03b4ee\">\n#top .hr.hr-invisible.av-m9x0pi1i-009bba921781e2cd1744ac250f03b4ee{\nheight:15px;\n}\n<\/style>\n<div  class='hr av-m9x0pi1i-009bba921781e2cd1744ac250f03b4ee hr-invisible  avia-builder-el-5  el_after_av_textblock  el_before_av_textblock '><span class='hr-inner '><span class=\"hr-inner-style\"><\/span><\/span><\/div><br \/>\n<section  class='av_textblock_section av-m9x0mt9y-62d81cef3d6807af66eae02a579119ee '   itemscope=\"itemscope\" itemtype=\"https:\/\/schema.org\/CreativeWork\" ><div class='avia_textblock'  itemprop=\"text\" ><div class=\"faq_container\">\n<div class=\"text\">\n<div class=\"faq_item\">\n<h3 class=\"question\"><span class=\"text\">Pass Culture<\/span><\/h3>\n<div class=\"answer\">Retrouvez l&#8217;offre Pass Culture : <a href=\"https:\/\/passculture.app\/offre\/292069520\" target=\"_blank\" rel=\"noopener\">https:\/\/passculture.app\/offre\/292069520<\/a><\/div>\n<\/div>\n<\/div>\n<\/div>\n<\/div><\/section><br \/>\n\n<style type=\"text\/css\" data-created_by=\"avia_inline_auto\" id=\"style-css-av-av_hr-35d53d7be2491954ac97ecc375137ffb\">\n#top .hr.hr-invisible.av-av_hr-35d53d7be2491954ac97ecc375137ffb{\nheight:15px;\n}\n<\/style>\n<div  class='hr av-av_hr-35d53d7be2491954ac97ecc375137ffb hr-invisible  avia-builder-el-7  el_after_av_textblock  el_before_av_textblock '><span class='hr-inner '><span class=\"hr-inner-style\"><\/span><\/span><\/div><br \/>\n<section  class='av_textblock_section av-m9x0o66k-a89dcc388ab2a636be0604d3e2d13473 '   itemscope=\"itemscope\" itemtype=\"https:\/\/schema.org\/CreativeWork\" ><div class='avia_textblock'  itemprop=\"text\" ><div class=\"faq_container\">\n<div class=\"text\">\n<div class=\"faq_item\">\n<div class=\"answer\">\n<div class=\"faq_item\">\n<h3 class=\"question\"><span class=\"text\">Pass R\u00e9gion<\/span><\/h3>\n<div class=\"answer\">Ecrivez \u00e0 b&#105;&#108;&#x6c;&#x65;tt&#101;&#114;&#x69;&#x65;&#64;m&#105;&#120;&#x61;&#x72;ts&#46;&#x6f;&#x72;&#x67; pour r\u00e9server via le Pass R\u00e9gion.<\/div>\n<\/div>\n<\/div>\n<\/div>\n<\/div>\n<\/div>\n<\/div><\/section><br \/>\n\n<style type=\"text\/css\" data-created_by=\"avia_inline_auto\" id=\"style-css-av-m9x0rpj2-742387501db65bc6c2f3607a8b8a371d\">\n#top .hr.hr-invisible.av-m9x0rpj2-742387501db65bc6c2f3607a8b8a371d{\nheight:35px;\n}\n<\/style>\n<div  class='hr av-m9x0rpj2-742387501db65bc6c2f3607a8b8a371d hr-invisible  avia-builder-el-9  el_after_av_textblock  el_before_av_textblock '><span class='hr-inner '><span class=\"hr-inner-style\"><\/span><\/span><\/div><br \/>\n<section  class='av_textblock_section av-zkf3-c246e91ca702ddc6912f887591ba3d14 '   itemscope=\"itemscope\" itemtype=\"https:\/\/schema.org\/CreativeWork\" ><div class='avia_textblock'  itemprop=\"text\" ><h3 style=\"text-align: center;\"><strong>Une question, un probl\u00e8me ?<\/strong><em><br \/>\nbilletterie<strong>(@)mixarts.org<\/strong><\/em><\/h3>\n<\/div><\/section><\/p>\n<\/div><\/div>\n<style type=\"text\/css\" data-created_by=\"avia_inline_auto\" id=\"style-css-av-lqdxx498-b9271dbbb6d607595b94ad8d85319eaa\">\n.flex_cell.av-lqdxx498-b9271dbbb6d607595b94ad8d85319eaa{\nvertical-align:top;\n}\n.responsive #top #wrap_all .flex_cell.av-lqdxx498-b9271dbbb6d607595b94ad8d85319eaa{\npadding:30px 150px 30px 0px !important;\n}\n<\/style>\n<div class='flex_cell av-lqdxx498-b9271dbbb6d607595b94ad8d85319eaa av-gridrow-cell av_one_half no_margin  avia-builder-el-11  el_after_av_cell_one_half  avia-builder-el-last '  ><div class='flex_cell_inner'><section  class='av_textblock_section av-k7dkm91y-1-828d566a52f0c9504a4bda7ee3469f54 '   itemscope=\"itemscope\" itemtype=\"https:\/\/schema.org\/CreativeWork\" ><div class='avia_textblock'  itemprop=\"text\" ><h4 style=\"text-align: left;\"><span style=\"color: #000000;\"><strong>BILLETTERIE [billetweb]<\/strong><\/span><\/h4>\n<hr \/>\n<p style=\"text-align: left;\"><strong>L&#8217;impression du billet n&#8217;est pas obligatoire<\/strong><br \/>\n> le billet num\u00e9rique sur smartphone suffit<\/p>\n<p>Tarifs r\u00e9duits = \u00e9tudiant\u00b7e\u00b7s, ch\u00f4meurs, RSA, services civiques, intermittent\u00ad\u00b7e\u00b7s, personnes \u00e0 mobilit\u00e9 r\u00e9duite, etc.<br \/>\n<em>Pour les tarifs r\u00e9duits, munissez-vous d&#8217;une pi\u00e8ce d&#8217;identit\u00e9 et d&#8217;un justificatif de moins de 3 mois.<\/em><\/p>\n<h4 style=\"text-align: left;\"><span style=\"color: #000000;\"><strong>BOURSE AUX BILLETS [acheter\/revendre]<\/strong><\/span><\/h4>\n<hr \/>\n<p><a href=\"http:\/\/mixarts.org\/association\/wp-content\/uploads\/2023\/12\/420450-bm-wm-ver-white-blue-76b424-original-1646387235.png\"><img loading=\"lazy\" decoding=\"async\" class=\"wp-image-5656 alignleft\" src=\"http:\/\/mixarts.org\/association\/wp-content\/uploads\/2023\/12\/420450-bm-wm-ver-white-blue-76b424-original-1646387235-150x150.png\" alt=\"\" width=\"62\" height=\"62\" srcset=\"https:\/\/mixarts.org\/association\/wp-content\/uploads\/2023\/12\/420450-bm-wm-ver-white-blue-76b424-original-1646387235-150x150.png 150w, https:\/\/mixarts.org\/association\/wp-content\/uploads\/2023\/12\/420450-bm-wm-ver-white-blue-76b424-original-1646387235-36x36.png 36w, https:\/\/mixarts.org\/association\/wp-content\/uploads\/2023\/12\/420450-bm-wm-ver-white-blue-76b424-original-1646387235-180x180.png 180w\" sizes=\"(max-width: 62px) 100vw, 62px\" \/><\/a>Si vous voulez revendre ou racheter un ticket, la SEULE mani\u00e8re s\u00fbre est <a href=\"https:\/\/www.ticketswap.fr\/\">TicketSwap<\/a>. Si vous achetez aupr\u00e8s d\u2019un\u00b7e particulier\u00b7e, nous ne pourrons vous en garantir l\u2019authenticit\u00e9 et donc l\u2019acc\u00e8s \u00e0 l\u2019\u00e9v\u00e9nement.<\/p>\n<h4 style=\"text-align: left;\"><span style=\"color: #000000;\"><strong>REMBOURSEMENTS<\/strong><\/span><\/h4>\n<hr \/>\n<p>Par application de l\u2019article L.221-28 du Code de la consommation, les billets de spectacle ne font pas l\u2019objet d\u2019un droit de r\u00e9tractation. Les pr\u00e9ventes ne sont ni remboursables ni \u00e9changeables. Vous pouvez cependant le revendre \u00e0 une autre personne sur <a href=\"https:\/\/www.ticketswap.fr\/\">Ticketswap<\/a>, notre partenaire officiel pour une revente s\u00e9curis\u00e9e.<\/p>\n<\/div><\/section>\n<\/div><\/div><\/div>\n","protected":false},"excerpt":{"rendered":"","protected":false},"author":1,"featured_media":0,"parent":0,"menu_order":0,"comment_status":"closed","ping_status":"closed","template":"","meta":{"_monsterinsights_skip_tracking":false,"_monsterinsights_sitenote_active":false,"_monsterinsights_sitenote_note":"","_monsterinsights_sitenote_category":0,"footnotes":""},"aioseo_notices":[],"_links":{"self":[{"href":"https:\/\/mixarts.org\/association\/wp-json\/wp\/v2\/pages\/23"}],"collection":[{"href":"https:\/\/mixarts.org\/association\/wp-json\/wp\/v2\/pages"}],"about":[{"href":"https:\/\/mixarts.org\/association\/wp-json\/wp\/v2\/types\/page"}],"author":[{"embeddable":true,"href":"https:\/\/mixarts.org\/association\/wp-json\/wp\/v2\/users\/1"}],"replies":[{"embeddable":true,"href":"https:\/\/mixarts.org\/association\/wp-json\/wp\/v2\/comments?post=23"}],"version-history":[{"count":56,"href":"https:\/\/mixarts.org\/association\/wp-json\/wp\/v2\/pages\/23\/revisions"}],"predecessor-version":[{"id":7485,"href":"https:\/\/mixarts.org\/association\/wp-json\/wp\/v2\/pages\/23\/revisions\/7485"}],"wp:attachment":[{"href":"https:\/\/mixarts.org\/association\/wp-json\/wp\/v2\/media?parent=23"}],"curies":[{"name":"wp","href":"https:\/\/api.w.org\/{rel}","templated":true}]}}