{"id":26,"date":"2014-09-21T15:19:42","date_gmt":"2014-09-21T14:19:42","guid":{"rendered":"http:\/\/mixarts.org\/association\/?page_id=26"},"modified":"2025-11-28T13:13:02","modified_gmt":"2025-11-28T12:13:02","slug":"contacter-association-mixarts","status":"publish","type":"page","link":"https:\/\/mixarts.org\/association\/contacter-association-mixarts\/","title":{"rendered":"CONTACTS"},"content":{"rendered":"\n<style type=\"text\/css\" data-created_by=\"avia_inline_auto\" id=\"style-css-av-k87d1bw9-e8ddbf778f7f1bd2ece4f5fd4b777376\">\n.avia-image-container.av-k87d1bw9-e8ddbf778f7f1bd2ece4f5fd4b777376 img.avia_image{\nbox-shadow:none;\n}\n.avia-image-container.av-k87d1bw9-e8ddbf778f7f1bd2ece4f5fd4b777376 .av-image-caption-overlay-center{\ncolor:#ffffff;\n}\n<\/style>\n<div  class='avia-image-container av-k87d1bw9-e8ddbf778f7f1bd2ece4f5fd4b777376 av-styling- avia-align-center  avia-builder-el-0  el_before_av_layout_row  avia-builder-el-no-sibling '   itemprop=\"image\" itemscope=\"itemscope\" itemtype=\"https:\/\/schema.org\/ImageObject\" ><div class=\"avia-image-container-inner\"><div class=\"avia-image-overlay-wrap\"><img fetchpriority=\"high\" class='wp-image-1878 avia-img-lazy-loading-not-1878 avia_image ' src='https:\/\/mixarts.org\/association\/wp-content\/uploads\/2020\/03\/nous-contacter.jpg' alt='' title='nous contacter'  height=\"145\" width=\"1080\"  itemprop=\"thumbnailUrl\"  \/><\/div><\/div><\/div>\n<\/div><\/div><\/div><!-- close content main div --><\/div><\/div><div id='av-layout-grid-1'  class='av-layout-grid-container av-yhri-cbc375916ed4bfdf1606ce408c432626 entry-content-wrapper main_color av-flex-cells  avia-builder-el-1  el_after_av_image  avia-builder-el-last  grid-row-not-first  container_wrap fullsize'  >\n\n<style type=\"text\/css\" data-created_by=\"avia_inline_auto\" id=\"style-css-av-k87dq5xp-a92ea8dd1b9e11462d9bb2adb2396e5a\">\n.flex_cell.av-k87dq5xp-a92ea8dd1b9e11462d9bb2adb2396e5a{\nvertical-align:top;\n}\n.responsive #top #wrap_all .flex_cell.av-k87dq5xp-a92ea8dd1b9e11462d9bb2adb2396e5a{\npadding:2px 2px 30px 225px !important;\n}\n<\/style>\n<div class='flex_cell av-k87dq5xp-a92ea8dd1b9e11462d9bb2adb2396e5a av-gridrow-cell av_one_third no_margin  avia-builder-el-2  el_before_av_cell_one_third  avia-builder-el-first '  ><div class='flex_cell_inner'><article  class='iconbox iconbox_left av-k87eh41j-cfe41529206a7a29a9bed2ad852655b4  avia-builder-el-3  el_before_av_icon_box  avia-builder-el-first '  itemscope=\"itemscope\" itemtype=\"https:\/\/schema.org\/CreativeWork\" ><div class=\"iconbox_content\"><header class=\"entry-content-header\"><div class=\"iconbox_icon heading-color\" aria-hidden='true' data-av_icon='\ue821' data-av_iconfont='entypo-fontello'><\/div><h3 class='iconbox_content_title '  itemprop=\"headline\" >Adresse<\/h3><\/header><div class='iconbox_content_container '  itemprop=\"text\" ><blockquote>\n<p><strong>Association Mix&#8217;Arts<\/strong><br \/>\n2 rue Gustave Flaubert<br \/>\n38100 Grenoble<\/p>\n<\/blockquote>\n<\/div><\/div><footer class=\"entry-footer\"><\/footer><\/article><br \/>\n<article  class='iconbox iconbox_left av-l9i9qpzm-9ddea44fbfa36e87a3449e72546816e4  avia-builder-el-4  el_after_av_icon_box  el_before_av_icon_box '  itemscope=\"itemscope\" itemtype=\"https:\/\/schema.org\/CreativeWork\" ><div class=\"iconbox_content\"><header class=\"entry-content-header\"><div class=\"iconbox_icon heading-color\" aria-hidden='true' data-av_icon='\ue854' data-av_iconfont='entypo-fontello'><\/div><h3 class='iconbox_content_title '  itemprop=\"headline\" >T\u00e9l\u00e9phone<\/h3><\/header><div class='iconbox_content_container '  itemprop=\"text\" ><blockquote>\n<p>09 80 81 89 60<\/p>\n<\/blockquote>\n<\/div><\/div><footer class=\"entry-footer\"><\/footer><\/article><br \/>\n<article  class='iconbox iconbox_left av-k87eh41j-1-20dcf4189fb393b93dfd654f4cb3e3c0  avia-builder-el-5  el_after_av_icon_box  avia-builder-el-last '  itemscope=\"itemscope\" itemtype=\"https:\/\/schema.org\/CreativeWork\" ><div class=\"iconbox_content\"><header class=\"entry-content-header\"><div class=\"iconbox_icon heading-color\" aria-hidden='true' data-av_icon='\ue81e' data-av_iconfont='entypo-fontello'><\/div><h3 class='iconbox_content_title '  itemprop=\"headline\" >Infos administratives<\/h3><\/header><div class='iconbox_content_container '  itemprop=\"text\" ><blockquote>\n<p><strong><u>Num\u00e9ro SIRET<\/u><\/strong><br \/>\n803 719 020 00056<br \/>\n<strong><u>Code NAF<\/u><\/strong><br \/>\n9001Z<br \/>\n<strong><u>Licences<\/u><\/strong><br \/>\nPLATESV-D-2024-008374<br \/>\nPLATESV-R-2021-004938<br \/>\nPLATESV-R-2021-004941<\/p>\n<\/blockquote>\n<\/div><\/div><footer class=\"entry-footer\"><\/footer><\/article><\/p>\n<\/div><\/div>\n<style type=\"text\/css\" data-created_by=\"avia_inline_auto\" id=\"style-css-av-2pgia-f1d38f98ef8c04991f0d6515e52e9aa1\">\n.flex_cell.av-2pgia-f1d38f98ef8c04991f0d6515e52e9aa1{\nvertical-align:top;\n}\n.responsive #top #wrap_all .flex_cell.av-2pgia-f1d38f98ef8c04991f0d6515e52e9aa1{\npadding:30px 30px 30px 30px !important;\n}\n<\/style>\n<div class='flex_cell av-2pgia-f1d38f98ef8c04991f0d6515e52e9aa1 av-gridrow-cell av_one_third no_margin  avia-builder-el-6  el_after_av_cell_one_third  el_before_av_cell_one_third '  ><div class='flex_cell_inner'><section  class='av_textblock_section av-k87dayxa-b1864786e180d805a099e7a59059e319 '   itemscope=\"itemscope\" itemtype=\"https:\/\/schema.org\/CreativeWork\" ><div class='avia_textblock'  itemprop=\"text\" ><ul>\n<li><strong>Informations\u00a0:<em>\u00a0<\/em><\/strong>Fabien\u00a0<a href=\"m&#97;&#105;&#x6c;&#x74;&#x6f;:c&#111;&#110;&#x74;&#x61;&#x63;t&#64;&#109;&#105;&#x78;&#x61;&#x72;t&#115;&#46;&#x6f;&#x72;&#x67;\">contact(@)mixarts.org<\/a><\/li>\n<li><strong>Communication : <\/strong><a href=\"&#x6d;a&#x69;&#108;&#x74;&#111;:&#x63;o&#x6d;&#109;&#x75;&#110;i&#x63;&#97;&#x74;&#105;o&#x6e;&#64;&#x6d;&#105;&#x78;&#97;r&#x74;s&#x2e;&#111;&#x72;&#x67;\">communication(@)mixarts.org<\/a><\/li>\n<li><strong>Action culturelle :<\/strong> Mathilde <a href=\"m&#97;&#105;&#x6c;&#x74;&#x6f;:n&#105;&#99;&#x6f;&#x6c;&#x61;s&#64;&#109;&#105;&#x78;&#x61;&#x72;t&#115;&#46;&#x6f;&#x72;&#x67;\" target=\"_blank\" rel=\"noopener\"><span class=\"il\">&#109;&#x61;t&#104;&#x69;l&#x64;&#x65;&#64;&#x6d;i&#120;&#x61;r&#116;&#x73;&#46;&#x6f;r&#103;<\/span><\/a><\/li>\n<li><strong>Programmation :<\/strong>\u00a0Fabien\u00a0<a href=\"&#109;&#x61;i&#x6c;&#x74;&#111;&#x3a;p&#114;&#x6f;&#103;&#x40;m&#105;&#x78;a&#x72;t&#115;&#x2e;o&#x72;&#x67;\">prog(@)mixarts.org<\/a><\/li>\n<li><strong>Administration :<\/strong>\u00a0Mathieu\u00a0<a href=\"&#x6d;&#x61;&#105;lt&#x6f;&#x3a;&#97;&#100;m&#x69;&#x6e;&#64;&#109;i&#x78;&#x61;&#x72;&#116;s&#46;&#x6f;&#x72;&#103;\">admin(@)mixarts.org<\/a><\/li>\n<li><strong>Booking Spectacle :<\/strong>\u00a0Romane\u00a0<a href=\"&#x6d;a&#x69;&#108;t&#x6f;&#58;&#x64;&#105;f&#x66;&#117;&#x73;&#105;o&#x6e;&#46;&#x73;&#x70;e&#x63;&#116;a&#x63;&#108;&#x65;&#115;&#64;&#x6d;&#105;&#x78;&#97;r&#x74;&#115;&#x2e;&#x6f;r&#x67;\">diffusion.spectacles(@)mixarts.org<\/a> \/ Aliz\u00e9e <a href=\"https:\/\/mixarts.us20.list-manage.com\/track\/click?u=5aee4556a8c7fc5d016298679&amp;id=ffcf60b8a7&amp;e=0dc3737907\" target=\"_blank\" rel=\"noopener\" data-saferedirecturl=\"https:\/\/www.google.com\/url?q=https:\/\/mixarts.us20.list-manage.com\/track\/click?u%3D5aee4556a8c7fc5d016298679%26id%3Dffcf60b8a7%26e%3D0dc3737907&amp;source=gmail&amp;ust=1664443641322000&amp;usg=AOvVaw1aaH8SsRJqXe0KH7hP0RWs\"><span class=\"il\">alizee<\/span>(@)mixarts.org<\/a><\/li>\n<li><strong>Booking Musique : <\/strong>Killian <a href=\"&#x6d;&#x61;&#x69;&#108;&#116;&#111;:k&#x69;&#x6c;&#x6c;&#x69;&#97;&#110;&#64;3&#x38;&#x74;&#x6f;&#x75;&#114;&#115;&#46;o&#x72;&#x67;\">killian(@)38tours.org<\/a><\/li>\n<li><strong>B\u00e9n\u00e9volat :<\/strong>\u00a0<a href=\"&#x6d;a&#x69;&#108;&#x74;&#x6f;:&#x62;&#101;&#x6e;&#x65;v&#x6f;&#108;&#x65;&#x73;&#64;&#x6d;&#105;&#x78;&#x61;r&#x74;&#115;&#x2e;&#x6f;r&#x67;\">benevoles(@)mixarts.org<\/a><\/li>\n<li><strong>Coordination vie associative\u00a0:<\/strong> Nicolas\u00a0<a href=\"m&#97;&#105;&#x6c;&#x74;&#x6f;&#x3a;f&#114;&#97;&#110;&#x63;&#x6f;&#x69;s&#64;&#109;&#105;&#x78;&#x61;&#x72;ts&#46;&#111;&#x72;&#x67;\">nicolas(@)mixarts.org<\/a><\/li>\n<li><strong>La Mixture :<\/strong> <a href=\"&#x6d;&#x61;&#x69;&#x6c;&#x74;&#x6f;&#x3a;&#108;&#97;&#109;&#105;&#120;ture&#x40;&#x6d;&#x69;&#x78;&#x61;&#x72;&#x74;&#x73;&#46;&#111;&#114;&#103;\">lamixture(@)mixarts.org<\/a><\/li>\n<\/ul>\n<p><strong><em>Pour nous \u00e9crire, pensez \u00e0 enlever les parenth\u00e8ses autour du \u00ab @ \u00bb !\u00a0<\/em><\/strong><\/p>\n<p><span style=\"color: #000000;\"><strong><em>\u00a0<\/em><\/strong><\/span><\/p>\n<\/div><\/section><br \/>\n<div  class='avia-buttonrow-wrap av-k87esnce-41c230b372cf9e695f9911c4ba92d622 avia-buttonrow-center  avia-builder-el-8  el_after_av_textblock  avia-builder-el-last '>\n\n<style type=\"text\/css\" data-created_by=\"avia_inline_auto\" id=\"style-css-av-1wmba-7c381347c9b43d80171ac9d8e94c128b\">\n#top #wrap_all .avia-button.av-1wmba-7c381347c9b43d80171ac9d8e94c128b{\nbackground-color:#ca712b;\nborder-color:#ca712b;\ncolor:#ffffff;\ntransition:all 0.4s ease-in-out;\nmargin-bottom:30px;\nmargin-right:15px;\nmargin-left:15px;\n}\n<\/style>\n<a href='https:\/\/www.facebook.com\/mixarts.association\/' class='avia-button av-1wmba-7c381347c9b43d80171ac9d8e94c128b avia-icon_select-no avia-size-medium' target=\"_blank\" rel=\"noopener noreferrer\"><span class='avia_iconbox_title' >Facebook<\/span><\/a>\n\n<style type=\"text\/css\" data-created_by=\"avia_inline_auto\" id=\"style-css-av-t25u-2a4c881f5fbea1f3a5c4016360c94808\">\n#top #wrap_all .avia-button.av-t25u-2a4c881f5fbea1f3a5c4016360c94808{\nbackground-color:#ca712b;\nborder-color:#ca712b;\ncolor:#ffffff;\ntransition:all 0.4s ease-in-out;\nmargin-bottom:30px;\nmargin-right:15px;\nmargin-left:15px;\n}\n<\/style>\n<a href='https:\/\/www.instagram.com\/mixarts38\/' class='avia-button av-t25u-2a4c881f5fbea1f3a5c4016360c94808 avia-icon_select-no avia-size-medium' target=\"_blank\" rel=\"noopener noreferrer\"><span class='avia_iconbox_title' >Intagram<\/span><\/a>\n<\/div><\/p>\n<\/div><\/div>\n<style type=\"text\/css\" data-created_by=\"avia_inline_auto\" id=\"style-css-av-12fcq-5361955d9ef266f3e6e04c519299bc2c\">\n.flex_cell.av-12fcq-5361955d9ef266f3e6e04c519299bc2c{\nvertical-align:top;\n}\n.responsive #top #wrap_all .flex_cell.av-12fcq-5361955d9ef266f3e6e04c519299bc2c{\npadding:30px 30px 30px 30px !important;\n}\n<\/style>\n<div class='flex_cell av-12fcq-5361955d9ef266f3e6e04c519299bc2c av-gridrow-cell av_one_third no_margin  avia-builder-el-9  el_after_av_cell_one_third  avia-builder-el-last '  ><div class='flex_cell_inner'>\n<style type=\"text\/css\" data-created_by=\"avia_inline_auto\" id=\"style-css-av-k87dnvdb-bf9bbc977dcccc2231c4b312154d189d\">\n.avia-image-container.av-k87dnvdb-bf9bbc977dcccc2231c4b312154d189d img.avia_image{\nbox-shadow:none;\n}\n.avia-image-container.av-k87dnvdb-bf9bbc977dcccc2231c4b312154d189d .av-image-caption-overlay-center{\ncolor:#ffffff;\n}\n<\/style>\n<div  class='avia-image-container av-k87dnvdb-bf9bbc977dcccc2231c4b312154d189d av-styling- avia-align-left  avia-builder-el-10  avia-builder-el-no-sibling '   itemprop=\"image\" itemscope=\"itemscope\" itemtype=\"https:\/\/schema.org\/ImageObject\" ><div class=\"avia-image-container-inner\"><div class=\"avia-image-overlay-wrap\"><img fetchpriority=\"high\" class='wp-image-1352 avia-img-lazy-loading-not-1352 avia_image ' src='https:\/\/mixarts.org\/association\/wp-content\/uploads\/2020\/02\/logo-menu-site.png' alt='' title='logo menu site'  height=\"200\" width=\"200\"  itemprop=\"thumbnailUrl\"  \/><\/div><\/div><\/div>\n<\/div><\/div><\/div>\n","protected":false},"excerpt":{"rendered":"","protected":false},"author":1,"featured_media":0,"parent":0,"menu_order":0,"comment_status":"closed","ping_status":"closed","template":"","meta":{"_monsterinsights_skip_tracking":false,"_monsterinsights_sitenote_active":false,"_monsterinsights_sitenote_note":"","_monsterinsights_sitenote_category":0,"footnotes":""},"class_list":["post-26","page","type-page","status-publish","hentry"],"aioseo_notices":[],"_links":{"self":[{"href":"https:\/\/mixarts.org\/association\/wp-json\/wp\/v2\/pages\/26","targetHints":{"allow":["GET"]}}],"collection":[{"href":"https:\/\/mixarts.org\/association\/wp-json\/wp\/v2\/pages"}],"about":[{"href":"https:\/\/mixarts.org\/association\/wp-json\/wp\/v2\/types\/page"}],"author":[{"embeddable":true,"href":"https:\/\/mixarts.org\/association\/wp-json\/wp\/v2\/users\/1"}],"replies":[{"embeddable":true,"href":"https:\/\/mixarts.org\/association\/wp-json\/wp\/v2\/comments?post=26"}],"version-history":[{"count":37,"href":"https:\/\/mixarts.org\/association\/wp-json\/wp\/v2\/pages\/26\/revisions"}],"predecessor-version":[{"id":8314,"href":"https:\/\/mixarts.org\/association\/wp-json\/wp\/v2\/pages\/26\/revisions\/8314"}],"wp:attachment":[{"href":"https:\/\/mixarts.org\/association\/wp-json\/wp\/v2\/media?parent=26"}],"curies":[{"name":"wp","href":"https:\/\/api.w.org\/{rel}","templated":true}]}}